{"id":88,"date":"2025-10-10T07:37:54","date_gmt":"2025-10-10T07:37:54","guid":{"rendered":"https:\/\/elrick-labarre.mds-angers.yt\/?page_id=88"},"modified":"2025-10-15T23:01:20","modified_gmt":"2025-10-15T23:01:20","slug":"elementor-88","status":"publish","type":"page","link":"https:\/\/elrick-labarre.mds-angers.yt\/index.php\/elementor-88\/","title":{"rendered":"Le chef"},"content":{"rendered":"\t\t<div data-elementor-type=\"wp-page\" data-elementor-id=\"88\" class=\"elementor elementor-88\">\n\t\t\t\t<div class=\"elementor-element elementor-element-2d1367e e-con-full e-flex e-con e-parent\" data-id=\"2d1367e\" data-element_type=\"container\">\n\t\t\t\t<div class=\"elementor-element elementor-element-91cffe4 elementor-widget-mobile__width-inherit elementor-widget-divider--view-line elementor-widget elementor-widget-divider\" data-id=\"91cffe4\" data-element_type=\"widget\" data-widget_type=\"divider.default\">\n\t\t\t\t\t\t\t<div class=\"elementor-divider\">\n\t\t\t<span class=\"elementor-divider-separator\">\n\t\t\t\t\t\t<\/span>\n\t\t<\/div>\n\t\t\t\t\t\t<\/div>\n\t\t<div class=\"elementor-element elementor-element-741ea14 e-con-full e-flex e-con e-child\" data-id=\"741ea14\" data-element_type=\"container\" data-settings=\"{&quot;background_background&quot;:&quot;classic&quot;}\">\n\t\t\t\t<div class=\"elementor-element elementor-element-f84dee4 elementor-widget-mobile__width-auto elementor-widget elementor-widget-heading\" data-id=\"f84dee4\" data-element_type=\"widget\" data-widget_type=\"heading.default\">\n\t\t\t\t\t<h1 class=\"elementor-heading-title elementor-size-default\">Le chef<\/h1>\t\t\t\t<\/div>\n\t\t\t\t<\/div>\n\t\t\t\t<\/div>\n\t\t<div class=\"elementor-element elementor-element-06fd261 e-con-full e-flex e-con e-parent\" data-id=\"06fd261\" data-element_type=\"container\">\n\t\t<div class=\"elementor-element elementor-element-bbaf1c4 e-flex e-con-boxed e-con e-child\" data-id=\"bbaf1c4\" data-element_type=\"container\">\n\t\t\t\t\t<div class=\"e-con-inner\">\n\t\t<div class=\"elementor-element elementor-element-b443989 e-con-full e-flex e-con e-child\" data-id=\"b443989\" data-element_type=\"container\">\n\t\t\t\t<div class=\"elementor-element elementor-element-9795982 elementor-widget-mobile__width-inherit elementor-widget elementor-widget-heading\" data-id=\"9795982\" data-element_type=\"widget\" data-widget_type=\"heading.default\">\n\t\t\t\t\t<h2 class=\"elementor-heading-title elementor-size-default\">\u00c0 la t\u00eate de La Florelle, le Chef Philippe Mille sublime les produits embl\u00e9matiques du Sud de la France.\n<\/h2>\t\t\t\t<\/div>\n\t\t\t\t<\/div>\n\t\t<div class=\"elementor-element elementor-element-69083ba e-con-full e-flex e-con e-child\" data-id=\"69083ba\" data-element_type=\"container\">\n\t\t\t\t<div class=\"elementor-element elementor-element-106ae2d elementor-widget-mobile__width-inherit elementor-widget elementor-widget-text-editor\" data-id=\"106ae2d\" data-element_type=\"widget\" data-widget_type=\"text-editor.default\">\n\t\t\t\t\t\t\t\t\t<p>Inspir\u00e9 par les saveurs de la Provence, il r\u00e9invente les classiques avec audace et d\u00e9licatesse : herbes de garrigue, huile d\u2019olive, l\u00e9gumes ensoleill\u00e9set viandes de terroir se marient dans des cr\u00e9ations d\u2019exception.<\/p><p>Notre philosophie : offrir une cuisine qui raconte une histoire, celle du Sud, avec l\u2019exigence et la finesse d\u2019une table gastronomique.<\/p>\t\t\t\t\t\t\t\t<\/div>\n\t\t\t\t<\/div>\n\t\t\t\t\t<\/div>\n\t\t\t\t<\/div>\n\t\t\t\t<\/div>\n\t\t<div class=\"elementor-element elementor-element-7127671 e-con-full e-flex e-con e-parent\" data-id=\"7127671\" data-element_type=\"container\" data-settings=\"{&quot;background_background&quot;:&quot;gradient&quot;}\">\n\t\t<div class=\"elementor-element elementor-element-468ffc0 e-flex e-con-boxed e-con e-child\" data-id=\"468ffc0\" data-element_type=\"container\">\n\t\t\t\t\t<div class=\"e-con-inner\">\n\t\t\t\t<div class=\"elementor-element elementor-element-039e653 elementor-widget-mobile__width-inherit elementor-widget elementor-widget-n-accordion\" data-id=\"039e653\" data-element_type=\"widget\" data-settings=\"{&quot;default_state&quot;:&quot;all_collapsed&quot;,&quot;max_items_expended&quot;:&quot;one&quot;,&quot;n_accordion_animation_duration&quot;:{&quot;unit&quot;:&quot;ms&quot;,&quot;size&quot;:400,&quot;sizes&quot;:[]}}\" data-widget_type=\"nested-accordion.default\">\n\t\t\t\t\t\t\t<div class=\"e-n-accordion\" aria-label=\"Accordion. Open links with Enter or Space, close with Escape, and navigate with Arrow Keys\">\n\t\t\t\t\t\t<details id=\"e-n-accordion-item-3790\" class=\"e-n-accordion-item\" >\n\t\t\t\t<summary class=\"e-n-accordion-item-title\" data-accordion-index=\"1\" tabindex=\"0\" aria-expanded=\"false\" aria-controls=\"e-n-accordion-item-3790\" >\n\t\t\t\t\t<span class='e-n-accordion-item-title-header'><div class=\"e-n-accordion-item-title-text\"> Poste 1 <\/div><\/span>\n\t\t\t\t\t\t\t<span class='e-n-accordion-item-title-icon'>\n\t\t\t<span class='e-opened' ><svg aria-hidden=\"true\" class=\"e-font-icon-svg e-fas-minus\" viewBox=\"0 0 448 512\" xmlns=\"http:\/\/www.w3.org\/2000\/svg\"><path d=\"M416 208H32c-17.67 0-32 14.33-32 32v32c0 17.67 14.33 32 32 32h384c17.67 0 32-14.33 32-32v-32c0-17.67-14.33-32-32-32z\"><\/path><\/svg><\/span>\n\t\t\t<span class='e-closed'><svg aria-hidden=\"true\" class=\"e-font-icon-svg e-fas-plus\" viewBox=\"0 0 448 512\" xmlns=\"http:\/\/www.w3.org\/2000\/svg\"><path d=\"M416 208H272V64c0-17.67-14.33-32-32-32h-32c-17.67 0-32 14.33-32 32v144H32c-17.67 0-32 14.33-32 32v32c0 17.67 14.33 32 32 32h144v144c0 17.67 14.33 32 32 32h32c17.67 0 32-14.33 32-32V304h144c17.67 0 32-14.33 32-32v-32c0-17.67-14.33-32-32-32z\"><\/path><\/svg><\/span>\n\t\t<\/span>\n\n\t\t\t\t\t\t<\/summary>\n\t\t\t\t<div role=\"region\" aria-labelledby=\"e-n-accordion-item-3790\" class=\"elementor-element elementor-element-c7c66cc e-con-full e-flex e-con e-child\" data-id=\"c7c66cc\" data-element_type=\"container\">\n\t\t<div role=\"region\" aria-labelledby=\"e-n-accordion-item-3790\" class=\"elementor-element elementor-element-f95c5da e-flex e-con-boxed e-con e-child\" data-id=\"f95c5da\" data-element_type=\"container\">\n\t\t\t\t\t<div class=\"e-con-inner\">\n\t\t\t\t<div class=\"elementor-element elementor-element-df1d6fa elementor-widget elementor-widget-image\" data-id=\"df1d6fa\" data-element_type=\"widget\" data-widget_type=\"image.default\">\n\t\t\t\t\t\t\t\t\t\t\t\t\t\t\t<img alt=\"\" fetchpriority=\"high\" decoding=\"async\" width=\"768\" height=\"833\" src=\"https:\/\/elrick-labarre.mds-angers.yt\/wp-content\/uploads\/2025\/10\/Image-1-768x833.jpeg\" class=\"attachment-medium_large size-medium_large wp-image-368\" alt=\"\" srcset=\"https:\/\/elrick-labarre.mds-angers.yt\/wp-content\/uploads\/2025\/10\/Image-1-768x833.jpeg 768w, https:\/\/elrick-labarre.mds-angers.yt\/wp-content\/uploads\/2025\/10\/Image-1-277x300.jpeg 277w, https:\/\/elrick-labarre.mds-angers.yt\/wp-content\/uploads\/2025\/10\/Image-1-944x1024.jpeg 944w, https:\/\/elrick-labarre.mds-angers.yt\/wp-content\/uploads\/2025\/10\/Image-1.jpeg 1125w\" sizes=\"(max-width: 768px) 100vw, 768px\" \/>\t\t\t\t\t\t\t\t\t\t\t\t\t\t\t<\/div>\n\t\t\t\t\t<\/div>\n\t\t\t\t<\/div>\n\t\t\t\t<\/div>\n\t\t\t\t\t<\/details>\n\t\t\t\t\t\t<details id=\"e-n-accordion-item-3791\" class=\"e-n-accordion-item\" >\n\t\t\t\t<summary class=\"e-n-accordion-item-title\" data-accordion-index=\"2\" tabindex=\"-1\" aria-expanded=\"false\" aria-controls=\"e-n-accordion-item-3791\" >\n\t\t\t\t\t<span class='e-n-accordion-item-title-header'><div class=\"e-n-accordion-item-title-text\"> Poste 2 <\/div><\/span>\n\t\t\t\t\t\t\t<span class='e-n-accordion-item-title-icon'>\n\t\t\t<span class='e-opened' ><svg aria-hidden=\"true\" class=\"e-font-icon-svg e-fas-minus\" viewBox=\"0 0 448 512\" xmlns=\"http:\/\/www.w3.org\/2000\/svg\"><path d=\"M416 208H32c-17.67 0-32 14.33-32 32v32c0 17.67 14.33 32 32 32h384c17.67 0 32-14.33 32-32v-32c0-17.67-14.33-32-32-32z\"><\/path><\/svg><\/span>\n\t\t\t<span class='e-closed'><svg aria-hidden=\"true\" class=\"e-font-icon-svg e-fas-plus\" viewBox=\"0 0 448 512\" xmlns=\"http:\/\/www.w3.org\/2000\/svg\"><path d=\"M416 208H272V64c0-17.67-14.33-32-32-32h-32c-17.67 0-32 14.33-32 32v144H32c-17.67 0-32 14.33-32 32v32c0 17.67 14.33 32 32 32h144v144c0 17.67 14.33 32 32 32h32c17.67 0 32-14.33 32-32V304h144c17.67 0 32-14.33 32-32v-32c0-17.67-14.33-32-32-32z\"><\/path><\/svg><\/span>\n\t\t<\/span>\n\n\t\t\t\t\t\t<\/summary>\n\t\t\t\t<div role=\"region\" aria-labelledby=\"e-n-accordion-item-3791\" class=\"elementor-element elementor-element-19fe35b e-con-full e-flex e-con e-child\" data-id=\"19fe35b\" data-element_type=\"container\">\n\t\t<div role=\"region\" aria-labelledby=\"e-n-accordion-item-3791\" class=\"elementor-element elementor-element-e803a54 e-flex e-con-boxed e-con e-child\" data-id=\"e803a54\" data-element_type=\"container\">\n\t\t\t\t\t<div class=\"e-con-inner\">\n\t\t\t\t<div class=\"elementor-element elementor-element-fdad2b9 elementor-widget elementor-widget-image\" data-id=\"fdad2b9\" data-element_type=\"widget\" data-widget_type=\"image.default\">\n\t\t\t\t\t\t\t\t\t\t\t\t\t\t\t<img alt=\"\" decoding=\"async\" width=\"768\" height=\"1287\" src=\"https:\/\/elrick-labarre.mds-angers.yt\/wp-content\/uploads\/2025\/10\/Image-768x1287.jpeg\" class=\"attachment-medium_large size-medium_large wp-image-369\" alt=\"\" srcset=\"https:\/\/elrick-labarre.mds-angers.yt\/wp-content\/uploads\/2025\/10\/Image-768x1287.jpeg 768w, https:\/\/elrick-labarre.mds-angers.yt\/wp-content\/uploads\/2025\/10\/Image-179x300.jpeg 179w, https:\/\/elrick-labarre.mds-angers.yt\/wp-content\/uploads\/2025\/10\/Image-611x1024.jpeg 611w, https:\/\/elrick-labarre.mds-angers.yt\/wp-content\/uploads\/2025\/10\/Image-917x1536.jpeg 917w, https:\/\/elrick-labarre.mds-angers.yt\/wp-content\/uploads\/2025\/10\/Image.jpeg 1125w\" sizes=\"(max-width: 768px) 100vw, 768px\" \/>\t\t\t\t\t\t\t\t\t\t\t\t\t\t\t<\/div>\n\t\t\t\t\t<\/div>\n\t\t\t\t<\/div>\n\t\t\t\t<\/div>\n\t\t\t\t\t<\/details>\n\t\t\t\t\t\t<details id=\"e-n-accordion-item-3792\" class=\"e-n-accordion-item\" >\n\t\t\t\t<summary class=\"e-n-accordion-item-title\" data-accordion-index=\"3\" tabindex=\"-1\" aria-expanded=\"false\" aria-controls=\"e-n-accordion-item-3792\" >\n\t\t\t\t\t<span class='e-n-accordion-item-title-header'><div class=\"e-n-accordion-item-title-text\"> Poste 3 <\/div><\/span>\n\t\t\t\t\t\t\t<span class='e-n-accordion-item-title-icon'>\n\t\t\t<span class='e-opened' ><svg aria-hidden=\"true\" class=\"e-font-icon-svg e-fas-minus\" viewBox=\"0 0 448 512\" xmlns=\"http:\/\/www.w3.org\/2000\/svg\"><path d=\"M416 208H32c-17.67 0-32 14.33-32 32v32c0 17.67 14.33 32 32 32h384c17.67 0 32-14.33 32-32v-32c0-17.67-14.33-32-32-32z\"><\/path><\/svg><\/span>\n\t\t\t<span class='e-closed'><svg aria-hidden=\"true\" class=\"e-font-icon-svg e-fas-plus\" viewBox=\"0 0 448 512\" xmlns=\"http:\/\/www.w3.org\/2000\/svg\"><path d=\"M416 208H272V64c0-17.67-14.33-32-32-32h-32c-17.67 0-32 14.33-32 32v144H32c-17.67 0-32 14.33-32 32v32c0 17.67 14.33 32 32 32h144v144c0 17.67 14.33 32 32 32h32c17.67 0 32-14.33 32-32V304h144c17.67 0 32-14.33 32-32v-32c0-17.67-14.33-32-32-32z\"><\/path><\/svg><\/span>\n\t\t<\/span>\n\n\t\t\t\t\t\t<\/summary>\n\t\t\t\t<div role=\"region\" aria-labelledby=\"e-n-accordion-item-3792\" class=\"elementor-element elementor-element-27df19f e-con-full e-flex e-con e-child\" data-id=\"27df19f\" data-element_type=\"container\">\n\t\t<div role=\"region\" aria-labelledby=\"e-n-accordion-item-3792\" class=\"elementor-element elementor-element-0e1c397 e-flex e-con-boxed e-con e-child\" data-id=\"0e1c397\" data-element_type=\"container\">\n\t\t\t\t\t<div class=\"e-con-inner\">\n\t\t\t\t<div class=\"elementor-element elementor-element-dc55fe2 elementor-widget elementor-widget-image\" data-id=\"dc55fe2\" data-element_type=\"widget\" data-widget_type=\"image.default\">\n\t\t\t\t\t\t\t\t\t\t\t\t\t\t\t<img alt=\"\" decoding=\"async\" width=\"768\" height=\"1288\" src=\"https:\/\/elrick-labarre.mds-angers.yt\/wp-content\/uploads\/2025\/10\/Image-2-768x1288.jpeg\" class=\"attachment-medium_large size-medium_large wp-image-380\" alt=\"\" srcset=\"https:\/\/elrick-labarre.mds-angers.yt\/wp-content\/uploads\/2025\/10\/Image-2-768x1288.jpeg 768w, https:\/\/elrick-labarre.mds-angers.yt\/wp-content\/uploads\/2025\/10\/Image-2-179x300.jpeg 179w, https:\/\/elrick-labarre.mds-angers.yt\/wp-content\/uploads\/2025\/10\/Image-2-611x1024.jpeg 611w, https:\/\/elrick-labarre.mds-angers.yt\/wp-content\/uploads\/2025\/10\/Image-2-916x1536.jpeg 916w, https:\/\/elrick-labarre.mds-angers.yt\/wp-content\/uploads\/2025\/10\/Image-2.jpeg 1125w\" sizes=\"(max-width: 768px) 100vw, 768px\" \/>\t\t\t\t\t\t\t\t\t\t\t\t\t\t\t<\/div>\n\t\t\t\t\t<\/div>\n\t\t\t\t<\/div>\n\t\t\t\t<\/div>\n\t\t\t\t\t<\/details>\n\t\t\t\t\t<\/div>\n\t\t\t\t\t\t<\/div>\n\t\t\t\t<div class=\"elementor-element elementor-element-e839e4e elementor-widget-mobile__width-inherit elementor-widget-divider--view-line elementor-widget elementor-widget-divider\" data-id=\"e839e4e\" data-element_type=\"widget\" data-widget_type=\"divider.default\">\n\t\t\t\t\t\t\t<div class=\"elementor-divider\">\n\t\t\t<span class=\"elementor-divider-separator\">\n\t\t\t\t\t\t<\/span>\n\t\t<\/div>\n\t\t\t\t\t\t<\/div>\n\t\t\t\t\t<\/div>\n\t\t\t\t<\/div>\n\t\t\t\t<\/div>\n\t\t<div class=\"elementor-element elementor-element-d700b4a e-flex e-con-boxed e-con e-parent\" data-id=\"d700b4a\" data-element_type=\"container\" data-settings=\"{&quot;background_background&quot;:&quot;classic&quot;}\">\n\t\t\t\t\t<div class=\"e-con-inner\">\n\t\t<div class=\"elementor-element elementor-element-9272c8f e-con-full e-flex e-con e-child\" data-id=\"9272c8f\" data-element_type=\"container\">\n\t\t<div class=\"elementor-element elementor-element-05d54a8 e-con-full e-flex e-con e-child\" data-id=\"05d54a8\" data-element_type=\"container\">\n\t\t<div class=\"elementor-element elementor-element-ab619e7 e-con-full bdt-backdrop-filter-yes e-flex bdt-filter-backdrop e-con e-child\" data-id=\"ab619e7\" data-element_type=\"container\">\n\t\t\t\t<div class=\"elementor-element elementor-element-4c7fd1c elementor-widget elementor-widget-heading\" data-id=\"4c7fd1c\" data-element_type=\"widget\" data-widget_type=\"heading.default\">\n\t\t\t\t\t<h2 class=\"elementor-heading-title elementor-size-default\">horaires <\/h2>\t\t\t\t<\/div>\n\t\t\t\t<div class=\"elementor-element elementor-element-23768b8 elementor-widget-mobile__width-initial elementor-widget elementor-widget-text-editor\" data-id=\"23768b8\" data-element_type=\"widget\" data-widget_type=\"text-editor.default\">\n\t\t\t\t\t\t\t\t\t<p><b>d\u00e9jeuner\u00a0 \u00a0 \u00a0 \u00a0 \u00a0 du mardi au samedi\u00a0 \u00a0 \u00a0 \u00a0 \u00a0 \u00a0 \u00a0 \u00a0 \u00a0 \u00a0 \u00a0 \u00a0 \u00a0 \u00a0 \u00a0 \u00a0 \u00a0 \u00a0de 12h \u00e0 14h30<\/b><\/p><p><b>Diner\u00a0 \u00a0 \u00a0 \u00a0 \u00a0 \u00a0 \u00a0 \u00a0 du mardi au samedi\u00a0 \u00a0 \u00a0 \u00a0 \u00a0 \u00a0 \u00a0 \u00a0 \u00a0 \u00a0 \u00a0 \u00a0 \u00a0 \u00a0 \u00a0 \u00a0 \u00a0 \u00a0de 19h \u00e0 23h<\/b>\u00a0 \u00a0 \u00a0 \u00a0 \u00a0\u00a0<\/p>\t\t\t\t\t\t\t\t<\/div>\n\t\t\t\t<\/div>\n\t\t<div class=\"elementor-element elementor-element-e000a91 e-con-full e-flex e-con e-child\" data-id=\"e000a91\" data-element_type=\"container\">\n\t\t\t\t<div class=\"elementor-element elementor-element-dff4e03 elementor-widget elementor-widget-heading\" data-id=\"dff4e03\" data-element_type=\"widget\" data-widget_type=\"heading.default\">\n\t\t\t\t\t<h2 class=\"elementor-heading-title elementor-size-default\">LA FLORELLE<\/h2>\t\t\t\t<\/div>\n\t\t\t\t<\/div>\n\t\t<div class=\"elementor-element elementor-element-c31a4bd e-con-full e-flex e-con e-child\" data-id=\"c31a4bd\" data-element_type=\"container\">\n\t\t<div class=\"elementor-element elementor-element-2ebf5c2 e-con-full e-flex e-con e-child\" data-id=\"2ebf5c2\" data-element_type=\"container\">\n\t\t\t\t<div class=\"elementor-element elementor-element-7a425b2 elementor-widget elementor-widget-heading\" data-id=\"7a425b2\" data-element_type=\"widget\" data-widget_type=\"heading.default\">\n\t\t\t\t\t<h2 class=\"elementor-heading-title elementor-size-default\">Adresse<\/h2>\t\t\t\t<\/div>\n\t\t\t\t<div class=\"elementor-element elementor-element-8ce5e1b elementor-widget elementor-widget-heading\" data-id=\"8ce5e1b\" data-element_type=\"widget\" data-widget_type=\"heading.default\">\n\t\t\t\t\t<h2 class=\"elementor-heading-title elementor-size-default\">12 Rue de la R\u00e9publique 49000, Angers\u00a0\u00a0<\/h2>\t\t\t\t<\/div>\n\t\t\t\t<div class=\"elementor-element elementor-element-943930c elementor-widget elementor-widget-heading\" data-id=\"943930c\" data-element_type=\"widget\" data-widget_type=\"heading.default\">\n\t\t\t\t\t<h2 class=\"elementor-heading-title elementor-size-default\"><b>T\u00e9l\u00e9phone<\/b><\/h2>\t\t\t\t<\/div>\n\t\t\t\t<div class=\"elementor-element elementor-element-ba26c94 elementor-widget elementor-widget-heading\" data-id=\"ba26c94\" data-element_type=\"widget\" data-widget_type=\"heading.default\">\n\t\t\t\t\t<h2 class=\"elementor-heading-title elementor-size-default\">01 23 45 67 89<\/h2>\t\t\t\t<\/div>\n\t\t\t\t<div class=\"elementor-element elementor-element-74bfbab elementor-widget elementor-widget-heading\" data-id=\"74bfbab\" data-element_type=\"widget\" data-widget_type=\"heading.default\">\n\t\t\t\t\t<h2 class=\"elementor-heading-title elementor-size-default\"><b>Mail<\/b><\/h2>\t\t\t\t<\/div>\n\t\t\t\t<div class=\"elementor-element elementor-element-20d5cbd elementor-widget elementor-widget-heading\" data-id=\"20d5cbd\" data-element_type=\"widget\" data-widget_type=\"heading.default\">\n\t\t\t\t\t<h2 class=\"elementor-heading-title elementor-size-default\">laflorelle.angers@gmail.com<\/h2>\t\t\t\t<\/div>\n\t\t\t\t<\/div>\n\t\t\t\t<\/div>\n\t\t\t\t<\/div>\n\t\t\t\t<\/div>\n\t\t\t\t\t<\/div>\n\t\t\t\t<\/div>\n\t\t\t\t<\/div>\n\t\t","protected":false},"excerpt":{"rendered":"<p>Le chef \u00c0 la t\u00eate de La Florelle, le Chef Philippe Mille sublime les produits embl\u00e9matiques du Sud de la France. Inspir\u00e9 par les saveurs de la Provence, il r\u00e9invente les classiques avec audace et d\u00e9licatesse : herbes de garrigue, huile d\u2019olive, l\u00e9gumes ensoleill\u00e9set viandes de terroir se marient dans des cr\u00e9ations d\u2019exception. Notre philosophie [&hellip;]<\/p>\n","protected":false},"author":3,"featured_media":0,"parent":0,"menu_order":0,"comment_status":"closed","ping_status":"closed","template":"elementor_canvas","meta":{"_seopress_robots_primary_cat":"","_seopress_titles_title":"Le Chef Philippe Mille - La Florelle","_seopress_titles_desc":"D\u00e9couvrez le chef Philippe Mille, passionn\u00e9 du Sud, qui sublime les produits locaux \u00e0 travers une cuisine cr\u00e9ative et \u00e9l\u00e9gante.","_seopress_robots_index":"","_seopress_analysis_target_kw":"","footnotes":""},"class_list":["post-88","page","type-page","status-publish","hentry"],"_links":{"self":[{"href":"https:\/\/elrick-labarre.mds-angers.yt\/index.php\/wp-json\/wp\/v2\/pages\/88","targetHints":{"allow":["GET"]}}],"collection":[{"href":"https:\/\/elrick-labarre.mds-angers.yt\/index.php\/wp-json\/wp\/v2\/pages"}],"about":[{"href":"https:\/\/elrick-labarre.mds-angers.yt\/index.php\/wp-json\/wp\/v2\/types\/page"}],"author":[{"embeddable":true,"href":"https:\/\/elrick-labarre.mds-angers.yt\/index.php\/wp-json\/wp\/v2\/users\/3"}],"replies":[{"embeddable":true,"href":"https:\/\/elrick-labarre.mds-angers.yt\/index.php\/wp-json\/wp\/v2\/comments?post=88"}],"version-history":[{"count":111,"href":"https:\/\/elrick-labarre.mds-angers.yt\/index.php\/wp-json\/wp\/v2\/pages\/88\/revisions"}],"predecessor-version":[{"id":754,"href":"https:\/\/elrick-labarre.mds-angers.yt\/index.php\/wp-json\/wp\/v2\/pages\/88\/revisions\/754"}],"wp:attachment":[{"href":"https:\/\/elrick-labarre.mds-angers.yt\/index.php\/wp-json\/wp\/v2\/media?parent=88"}],"curies":[{"name":"wp","href":"https:\/\/api.w.org\/{rel}","templated":true}]}}