{"id":86,"date":"2025-10-10T07:55:36","date_gmt":"2025-10-10T07:55:36","guid":{"rendered":"https:\/\/elrick-labarre.mds-angers.yt\/?page_id=86"},"modified":"2025-10-15T23:02:16","modified_gmt":"2025-10-15T23:02:16","slug":"reservation","status":"publish","type":"page","link":"https:\/\/elrick-labarre.mds-angers.yt\/index.php\/reservation\/","title":{"rendered":"R\u00e9servation"},"content":{"rendered":"\t\t<div data-elementor-type=\"wp-page\" data-elementor-id=\"86\" class=\"elementor elementor-86\">\n\t\t\t\t<div class=\"elementor-element elementor-element-da2fe06 e-con-full e-flex e-con e-parent\" data-id=\"da2fe06\" data-element_type=\"container\" data-settings=\"{&quot;background_background&quot;:&quot;classic&quot;}\">\n\t\t<div class=\"elementor-element elementor-element-cb73e8d e-flex e-con-boxed e-con e-child\" data-id=\"cb73e8d\" data-element_type=\"container\">\n\t\t\t\t\t<div class=\"e-con-inner\">\n\t\t\t\t<div class=\"elementor-element elementor-element-cad028b elementor-widget elementor-widget-heading\" data-id=\"cad028b\" data-element_type=\"widget\" data-widget_type=\"heading.default\">\n\t\t\t\t\t<h6 class=\"elementor-heading-title elementor-size-default\">R\u00e9servation<\/h6>\t\t\t\t<\/div>\n\t\t\t\t\t<\/div>\n\t\t\t\t<\/div>\n\t\t\t\t<\/div>\n\t\t<div class=\"elementor-element elementor-element-8571a08 e-con-full e-flex e-con e-parent\" data-id=\"8571a08\" data-element_type=\"container\" data-settings=\"{&quot;background_background&quot;:&quot;gradient&quot;}\">\n\t\t\t\t<div class=\"elementor-element elementor-element-90772fb elementor-widget-divider--view-line elementor-widget elementor-widget-divider\" data-id=\"90772fb\" data-element_type=\"widget\" data-widget_type=\"divider.default\">\n\t\t\t\t\t\t\t<div class=\"elementor-divider\">\n\t\t\t<span class=\"elementor-divider-separator\">\n\t\t\t\t\t\t<\/span>\n\t\t<\/div>\n\t\t\t\t\t\t<\/div>\n\t\t<div class=\"elementor-element elementor-element-df23c92 e-con-full e-flex e-con e-child\" data-id=\"df23c92\" data-element_type=\"container\">\n\t\t<div class=\"elementor-element elementor-element-1395e07 e-con-full e-flex e-con e-child\" data-id=\"1395e07\" data-element_type=\"container\">\n\t\t<div class=\"elementor-element elementor-element-ce8d195 e-con-full e-flex e-con e-child\" data-id=\"ce8d195\" data-element_type=\"container\">\n\t\t\t\t<div class=\"elementor-element elementor-element-147885a elementor-widget__width-initial elementor-widget-mobile__width-inherit elementor-widget elementor-widget-heading\" data-id=\"147885a\" data-element_type=\"widget\" data-widget_type=\"heading.default\">\n\t\t\t\t\t<h2 class=\"elementor-heading-title elementor-size-default\">Des places peuvent \u00eatre disponibles pour des r\u00e9servations de derni\u00e8res minutes.<\/h2>\t\t\t\t<\/div>\n\t\t\t\t<div class=\"elementor-element elementor-element-74a9891 elementor-widget elementor-widget-text-editor\" data-id=\"74a9891\" data-element_type=\"widget\" data-widget_type=\"text-editor.default\">\n\t\t\t\t\t\t\t\t\t<p>Des places peuvent \u00eatre disponibles pour des r\u00e9servations de derni\u00e8res minutes<\/p><p>N\u2019h\u00e9siter pas \u00e0 prendre contact avec nous gr\u00e2ce aux coordonn\u00e9es ci-dessous.<\/p><p>. <b>T\u00e9l\u00e9phone<\/b> :\u00a0 01 23 45 67 89<\/p><p>.\u00a0 <b>Mail<\/b> : <a href=\"mailto:reservation@laflorelle.fr\">laflorelle.angers@gmail.com<\/a><\/p><p>La Florelle met \u00e9galement \u00e0 votre disposition des <strong>salles priv\u00e9es <\/strong>pour vos \u00e9v\u00e8nements sp\u00e9ciaux : anniversaires, r\u00e9unions d\u2019affaires, repas de famille ou c\u00e9l\u00e9brations intimes.Chaque espace peut \u00eatre am\u00e9nag\u00e9 <strong>selon vos besoins<\/strong>, et b\u00e9n\u00e9ficie d\u2019un service <strong>personnalis\u00e9 <\/strong>dans une <strong>ambiance raffin\u00e9e<\/strong>, afin de faire de chaque moment une <strong>exp\u00e9rience inoubliable. <\/strong><\/p>\t\t\t\t\t\t\t\t<\/div>\n\t\t\t\t<\/div>\n\t\t<div class=\"elementor-element elementor-element-b599150 e-con-full e-flex e-con e-child\" data-id=\"b599150\" data-element_type=\"container\">\n\t\t\t\t<div class=\"elementor-element elementor-element-040c638 elementor-widget elementor-widget-heading\" data-id=\"040c638\" data-element_type=\"widget\" data-widget_type=\"heading.default\">\n\t\t\t\t\t<h2 class=\"elementor-heading-title elementor-size-default\">Bon cadeau<\/h2>\t\t\t\t<\/div>\n\t\t\t\t<div class=\"elementor-element elementor-element-7f01cd9 elementor-widget elementor-widget-text-editor\" data-id=\"7f01cd9\" data-element_type=\"widget\" data-widget_type=\"text-editor.default\">\n\t\t\t\t\t\t\t\t\t<p>Lors de votre r\u00e9servation, merci de nous indiquer le num\u00e9ro de votre bon cadeau (sans celui-l\u00e0, nous ne pourrons pas prendre votre r\u00e9servation).<\/p>\t\t\t\t\t\t\t\t<\/div>\n\t\t\t\t<div class=\"elementor-element elementor-element-ac9825c elementor-widget elementor-widget-heading\" data-id=\"ac9825c\" data-element_type=\"widget\" data-widget_type=\"heading.default\">\n\t\t\t\t\t<h2 class=\"elementor-heading-title elementor-size-default\">R\u00e9gime et allergies\n<\/h2>\t\t\t\t<\/div>\n\t\t\t\t<div class=\"elementor-element elementor-element-117759b elementor-widget elementor-widget-text-editor\" data-id=\"117759b\" data-element_type=\"widget\" data-widget_type=\"text-editor.default\">\n\t\t\t\t\t\t\t\t\t<p>Nous savons nous adapter, n&rsquo;oubliez pas de nous pr\u00e9ciser toutes intol\u00e9rances ou sp\u00e9cificit\u00e9s lors de votre r\u00e9servation<\/p>\t\t\t\t\t\t\t\t<\/div>\n\t\t\t\t<div class=\"elementor-element elementor-element-5bc51d2 elementor-widget elementor-widget-heading\" data-id=\"5bc51d2\" data-element_type=\"widget\" data-widget_type=\"heading.default\">\n\t\t\t\t\t<h2 class=\"elementor-heading-title elementor-size-default\">Informations suppl\u00e9mentaires :<\/h2>\t\t\t\t<\/div>\n\t\t\t\t<div class=\"elementor-element elementor-element-83ffe1d elementor-widget elementor-widget-text-editor\" data-id=\"83ffe1d\" data-element_type=\"widget\" data-widget_type=\"text-editor.default\">\n\t\t\t\t\t\t\t\t\t<p>Nous appr\u00e9cions \u00e9norm\u00e9ment les animaux, toutefois, nous sommes dans l\u2019impossibilit\u00e9 de les accepter.<\/p><p>Les poussettes ne sont pas accept\u00e9es dans l\u2019\u00e9tablissement, par manque de place.<\/p><p>Nous appr\u00e9cions lorsque les jeunes enfants respectent les autres clients en se comportant de mani\u00e8re appropri\u00e9e et respectueuse.<\/p>\t\t\t\t\t\t\t\t<\/div>\n\t\t\t\t<\/div>\n\t\t\t\t<\/div>\n\t\t\t\t<\/div>\n\t\t\t\t<div class=\"elementor-element elementor-element-3fc56dc elementor-widget-divider--view-line elementor-widget elementor-widget-divider\" data-id=\"3fc56dc\" data-element_type=\"widget\" data-widget_type=\"divider.default\">\n\t\t\t\t\t\t\t<div class=\"elementor-divider\">\n\t\t\t<span class=\"elementor-divider-separator\">\n\t\t\t\t\t\t<\/span>\n\t\t<\/div>\n\t\t\t\t\t\t<\/div>\n\t\t\t\t<\/div>\n\t\t<div class=\"elementor-element elementor-element-1e7e0fd e-flex e-con-boxed e-con e-parent\" data-id=\"1e7e0fd\" data-element_type=\"container\" data-settings=\"{&quot;background_background&quot;:&quot;classic&quot;}\">\n\t\t\t\t\t<div class=\"e-con-inner\">\n\t\t<div class=\"elementor-element elementor-element-1959e35 e-con-full e-flex e-con e-child\" data-id=\"1959e35\" data-element_type=\"container\">\n\t\t<div class=\"elementor-element elementor-element-9a6f233 e-con-full e-flex e-con e-child\" data-id=\"9a6f233\" data-element_type=\"container\">\n\t\t<div class=\"elementor-element elementor-element-68fa4dd e-con-full bdt-backdrop-filter-yes e-flex bdt-filter-backdrop e-con e-child\" data-id=\"68fa4dd\" data-element_type=\"container\">\n\t\t\t\t<div class=\"elementor-element elementor-element-5637f14 elementor-widget elementor-widget-heading\" data-id=\"5637f14\" data-element_type=\"widget\" data-widget_type=\"heading.default\">\n\t\t\t\t\t<h2 class=\"elementor-heading-title elementor-size-default\">horaires <\/h2>\t\t\t\t<\/div>\n\t\t\t\t<div class=\"elementor-element elementor-element-12910c5 elementor-widget elementor-widget-text-editor\" data-id=\"12910c5\" data-element_type=\"widget\" data-widget_type=\"text-editor.default\">\n\t\t\t\t\t\t\t\t\t<p><b>d\u00e9jeuner\u00a0 \u00a0 \u00a0 \u00a0 \u00a0 du mardi au samedi\u00a0 \u00a0 \u00a0 \u00a0 \u00a0 \u00a0 \u00a0 \u00a0 \u00a0 \u00a0 \u00a0 \u00a0 \u00a0 \u00a0 \u00a0 \u00a0 \u00a0 \u00a0de 12h \u00e0 14h30<\/b><\/p><p><b>Diner\u00a0 \u00a0 \u00a0 \u00a0 \u00a0 \u00a0 \u00a0 \u00a0 du mardi au samedi\u00a0 \u00a0 \u00a0 \u00a0 \u00a0 \u00a0 \u00a0 \u00a0 \u00a0 \u00a0 \u00a0 \u00a0 \u00a0 \u00a0 \u00a0 \u00a0 \u00a0 \u00a0de 19h \u00e0 23h<\/b>\u00a0 \u00a0 \u00a0 \u00a0 \u00a0\u00a0<\/p>\t\t\t\t\t\t\t\t<\/div>\n\t\t\t\t<\/div>\n\t\t<div class=\"elementor-element elementor-element-4438660 e-con-full e-flex e-con e-child\" data-id=\"4438660\" data-element_type=\"container\">\n\t\t\t\t<div class=\"elementor-element elementor-element-44e11c2 elementor-widget elementor-widget-heading\" data-id=\"44e11c2\" data-element_type=\"widget\" data-widget_type=\"heading.default\">\n\t\t\t\t\t<h2 class=\"elementor-heading-title elementor-size-default\">LA FLORELLE<\/h2>\t\t\t\t<\/div>\n\t\t\t\t<\/div>\n\t\t<div class=\"elementor-element elementor-element-d4486ba e-con-full e-flex e-con e-child\" data-id=\"d4486ba\" data-element_type=\"container\">\n\t\t<div class=\"elementor-element elementor-element-3f12455 e-con-full e-flex e-con e-child\" data-id=\"3f12455\" data-element_type=\"container\">\n\t\t\t\t<div class=\"elementor-element elementor-element-226fed9 elementor-widget elementor-widget-heading\" data-id=\"226fed9\" data-element_type=\"widget\" data-widget_type=\"heading.default\">\n\t\t\t\t\t<h2 class=\"elementor-heading-title elementor-size-default\">Adresse<\/h2>\t\t\t\t<\/div>\n\t\t\t\t<div class=\"elementor-element elementor-element-a995c96 elementor-widget elementor-widget-heading\" data-id=\"a995c96\" data-element_type=\"widget\" data-widget_type=\"heading.default\">\n\t\t\t\t\t<h2 class=\"elementor-heading-title elementor-size-default\">12 Rue de la R\u00e9publique 49000, Angers\u00a0\u00a0<\/h2>\t\t\t\t<\/div>\n\t\t\t\t<div class=\"elementor-element elementor-element-fcf30ae elementor-widget elementor-widget-heading\" data-id=\"fcf30ae\" data-element_type=\"widget\" data-widget_type=\"heading.default\">\n\t\t\t\t\t<h2 class=\"elementor-heading-title elementor-size-default\"><b>T\u00e9l\u00e9phone<\/b><\/h2>\t\t\t\t<\/div>\n\t\t\t\t<div class=\"elementor-element elementor-element-67378e6 elementor-widget elementor-widget-heading\" data-id=\"67378e6\" data-element_type=\"widget\" data-widget_type=\"heading.default\">\n\t\t\t\t\t<h2 class=\"elementor-heading-title elementor-size-default\">01 23 45 67 89<\/h2>\t\t\t\t<\/div>\n\t\t\t\t<div class=\"elementor-element elementor-element-b0c0285 elementor-widget elementor-widget-heading\" data-id=\"b0c0285\" data-element_type=\"widget\" data-widget_type=\"heading.default\">\n\t\t\t\t\t<h2 class=\"elementor-heading-title elementor-size-default\"><b>Mail<\/b><\/h2>\t\t\t\t<\/div>\n\t\t\t\t<div class=\"elementor-element elementor-element-2b8b37f elementor-widget elementor-widget-heading\" data-id=\"2b8b37f\" data-element_type=\"widget\" data-widget_type=\"heading.default\">\n\t\t\t\t\t<h2 class=\"elementor-heading-title elementor-size-default\">laflorelle.angers@gmail.com<\/h2>\t\t\t\t<\/div>\n\t\t\t\t<\/div>\n\t\t\t\t<\/div>\n\t\t\t\t<\/div>\n\t\t\t\t<\/div>\n\t\t\t\t\t<\/div>\n\t\t\t\t<\/div>\n\t\t\t\t<\/div>\n\t\t","protected":false},"excerpt":{"rendered":"<p>R\u00e9servation Des places peuvent \u00eatre disponibles pour des r\u00e9servations de derni\u00e8res minutes. Des places peuvent \u00eatre disponibles pour des r\u00e9servations de derni\u00e8res minutes N\u2019h\u00e9siter pas \u00e0 prendre contact avec nous gr\u00e2ce aux coordonn\u00e9es ci-dessous. . T\u00e9l\u00e9phone :\u00a0 01 23 45 67 89 .\u00a0 Mail : laflorelle.angers@gmail.com La Florelle met \u00e9galement \u00e0 votre disposition des salles [&hellip;]<\/p>\n","protected":false},"author":3,"featured_media":0,"parent":0,"menu_order":0,"comment_status":"closed","ping_status":"closed","template":"elementor_canvas","meta":{"_seopress_robots_primary_cat":"","_seopress_titles_title":"r\u00e9servation & Salons priv\u00e9es - La Florelle","_seopress_titles_desc":"R\u00e9servez votre table ou privatisez nos salons pour vos \u00e9v\u00e8nements. La Florelle, le raffinement du Sud \u00e0 votre service.","_seopress_robots_index":"","_seopress_analysis_target_kw":"","footnotes":""},"class_list":["post-86","page","type-page","status-publish","hentry"],"_links":{"self":[{"href":"https:\/\/elrick-labarre.mds-angers.yt\/index.php\/wp-json\/wp\/v2\/pages\/86","targetHints":{"allow":["GET"]}}],"collection":[{"href":"https:\/\/elrick-labarre.mds-angers.yt\/index.php\/wp-json\/wp\/v2\/pages"}],"about":[{"href":"https:\/\/elrick-labarre.mds-angers.yt\/index.php\/wp-json\/wp\/v2\/types\/page"}],"author":[{"embeddable":true,"href":"https:\/\/elrick-labarre.mds-angers.yt\/index.php\/wp-json\/wp\/v2\/users\/3"}],"replies":[{"embeddable":true,"href":"https:\/\/elrick-labarre.mds-angers.yt\/index.php\/wp-json\/wp\/v2\/comments?post=86"}],"version-history":[{"count":45,"href":"https:\/\/elrick-labarre.mds-angers.yt\/index.php\/wp-json\/wp\/v2\/pages\/86\/revisions"}],"predecessor-version":[{"id":760,"href":"https:\/\/elrick-labarre.mds-angers.yt\/index.php\/wp-json\/wp\/v2\/pages\/86\/revisions\/760"}],"wp:attachment":[{"href":"https:\/\/elrick-labarre.mds-angers.yt\/index.php\/wp-json\/wp\/v2\/media?parent=86"}],"curies":[{"name":"wp","href":"https:\/\/api.w.org\/{rel}","templated":true}]}}