{"id":46,"date":"2025-10-10T07:15:24","date_gmt":"2025-10-10T07:15:24","guid":{"rendered":"https:\/\/elrick-labarre.mds-angers.yt\/?page_id=46"},"modified":"2025-10-15T23:03:09","modified_gmt":"2025-10-15T23:03:09","slug":"elementor-46","status":"publish","type":"page","link":"https:\/\/elrick-labarre.mds-angers.yt\/index.php\/elementor-46\/","title":{"rendered":"Le Lieu"},"content":{"rendered":"\t\t<div data-elementor-type=\"wp-page\" data-elementor-id=\"46\" class=\"elementor elementor-46\">\n\t\t\t\t<div class=\"elementor-element elementor-element-e7d61fb e-con-full e-flex e-con e-parent\" data-id=\"e7d61fb\" data-element_type=\"container\" data-settings=\"{&quot;background_background&quot;:&quot;classic&quot;}\">\n\t\t\t\t<div class=\"elementor-element elementor-element-acfb63b elementor-widget elementor-widget-heading\" data-id=\"acfb63b\" data-element_type=\"widget\" data-widget_type=\"heading.default\">\n\t\t\t\t\t<h2 class=\"elementor-heading-title elementor-size-default\">Le lieu<\/h2>\t\t\t\t<\/div>\n\t\t\t\t<\/div>\n\t\t<div class=\"elementor-element elementor-element-ea469d3 e-flex e-con-boxed e-con e-parent\" data-id=\"ea469d3\" data-element_type=\"container\" data-settings=\"{&quot;background_background&quot;:&quot;gradient&quot;}\">\n\t\t\t\t\t<div class=\"e-con-inner\">\n\t\t<div class=\"elementor-element elementor-element-a081576 e-con-full e-flex e-con e-child\" data-id=\"a081576\" data-element_type=\"container\">\n\t\t\t\t<div class=\"elementor-element elementor-element-e1652e9 elementor-widget elementor-widget-image\" data-id=\"e1652e9\" data-element_type=\"widget\" data-widget_type=\"image.default\">\n\t\t\t\t\t\t\t\t\t\t\t\t\t\t\t<img alt=\"\" fetchpriority=\"high\" decoding=\"async\" width=\"800\" height=\"800\" src=\"https:\/\/elrick-labarre.mds-angers.yt\/wp-content\/uploads\/2025\/10\/2024-Light-Luxury-Restaurant-Cafe-Furniture-Set-All-Orange-Velvet-Restaurant-Long-Couch-Sofa-for-Res-1024x1024.jpg\" class=\"attachment-large size-large wp-image-64\" alt=\"\" srcset=\"https:\/\/elrick-labarre.mds-angers.yt\/wp-content\/uploads\/2025\/10\/2024-Light-Luxury-Restaurant-Cafe-Furniture-Set-All-Orange-Velvet-Restaurant-Long-Couch-Sofa-for-Res-1024x1024.jpg 1024w, https:\/\/elrick-labarre.mds-angers.yt\/wp-content\/uploads\/2025\/10\/2024-Light-Luxury-Restaurant-Cafe-Furniture-Set-All-Orange-Velvet-Restaurant-Long-Couch-Sofa-for-Res-300x300.jpg 300w, https:\/\/elrick-labarre.mds-angers.yt\/wp-content\/uploads\/2025\/10\/2024-Light-Luxury-Restaurant-Cafe-Furniture-Set-All-Orange-Velvet-Restaurant-Long-Couch-Sofa-for-Res-150x150.jpg 150w, https:\/\/elrick-labarre.mds-angers.yt\/wp-content\/uploads\/2025\/10\/2024-Light-Luxury-Restaurant-Cafe-Furniture-Set-All-Orange-Velvet-Restaurant-Long-Couch-Sofa-for-Res-768x768.jpg 768w, https:\/\/elrick-labarre.mds-angers.yt\/wp-content\/uploads\/2025\/10\/2024-Light-Luxury-Restaurant-Cafe-Furniture-Set-All-Orange-Velvet-Restaurant-Long-Couch-Sofa-for-Res-1536x1536.jpg 1536w, https:\/\/elrick-labarre.mds-angers.yt\/wp-content\/uploads\/2025\/10\/2024-Light-Luxury-Restaurant-Cafe-Furniture-Set-All-Orange-Velvet-Restaurant-Long-Couch-Sofa-for-Res-2048x2048.jpg 2048w\" sizes=\"(max-width: 800px) 100vw, 800px\" \/>\t\t\t\t\t\t\t\t\t\t\t\t\t\t\t<\/div>\n\t\t\t\t<\/div>\n\t\t<div class=\"elementor-element elementor-element-1cb2533 e-con-full e-flex e-con e-child\" data-id=\"1cb2533\" data-element_type=\"container\">\n\t\t\t\t<div class=\"elementor-element elementor-element-7e078fe elementor-widget elementor-widget-text-editor\" data-id=\"7e078fe\" data-element_type=\"widget\" data-widget_type=\"text-editor.default\">\n\t\t\t\t\t\t\t\t\t<p>\u00a0<\/p><h4>Dans un d\u00e9cor raffin\u00e9 m\u00ealant noir profond, orange chaleureux, bois brut et touches de blanc \u00e9pur\u00e9, La Florelle vous accueille dans une atmosph\u00e8re \u00e9l\u00e9gante et contemporaine.Chaque d\u00e9tails &#8211; de l\u2019art de la table \u00e0 l\u2019\u00e9clairage &#8211; a \u00e9t\u00e9 pens\u00e9 pour cr\u00e9er une exp\u00e9rience sensorielle unique, \u00e0 la fois chaleureuse et prestigieuse.<\/h4>\t\t\t\t\t\t\t\t<\/div>\n\t\t\t\t<\/div>\n\t\t\t\t\t<\/div>\n\t\t\t\t<\/div>\n\t\t<div class=\"elementor-element elementor-element-4128776 e-flex e-con-boxed e-con e-parent\" data-id=\"4128776\" data-element_type=\"container\" data-settings=\"{&quot;background_background&quot;:&quot;gradient&quot;}\">\n\t\t\t\t\t<div class=\"e-con-inner\">\n\t\t\t\t<div class=\"elementor-element elementor-element-431feed elementor-widget__width-initial elementor-widget elementor-widget-text-editor\" data-id=\"431feed\" data-element_type=\"widget\" data-widget_type=\"text-editor.default\">\n\t\t\t\t\t\t\t\t\t<h4>Quelques <b>\u0153uvres d\u2019art<\/b> abstraites viennent ponctu\u00e9es l\u2019espace, apportant une touche moderne sans rompre l\u2019harmonie du lieu.<\/h4>\t\t\t\t\t\t\t\t<\/div>\n\t\t\t\t<div class=\"elementor-element elementor-element-210af44 elementor-widget__width-initial elementor-widget elementor-widget-image\" data-id=\"210af44\" data-element_type=\"widget\" data-widget_type=\"image.default\">\n\t\t\t\t\t\t\t\t\t\t\t\t\t\t\t<img alt=\"\" decoding=\"async\" width=\"200\" height=\"300\" src=\"https:\/\/elrick-labarre.mds-angers.yt\/wp-content\/uploads\/2025\/10\/ChatGPT-Image-10-oct.-2025-a-15_45_55-200x300.png\" class=\"attachment-medium size-medium wp-image-361\" alt=\"\" srcset=\"https:\/\/elrick-labarre.mds-angers.yt\/wp-content\/uploads\/2025\/10\/ChatGPT-Image-10-oct.-2025-a-15_45_55-200x300.png 200w, https:\/\/elrick-labarre.mds-angers.yt\/wp-content\/uploads\/2025\/10\/ChatGPT-Image-10-oct.-2025-a-15_45_55-683x1024.png 683w, https:\/\/elrick-labarre.mds-angers.yt\/wp-content\/uploads\/2025\/10\/ChatGPT-Image-10-oct.-2025-a-15_45_55-768x1152.png 768w, https:\/\/elrick-labarre.mds-angers.yt\/wp-content\/uploads\/2025\/10\/ChatGPT-Image-10-oct.-2025-a-15_45_55.png 1024w\" sizes=\"(max-width: 200px) 100vw, 200px\" \/>\t\t\t\t\t\t\t\t\t\t\t\t\t\t\t<\/div>\n\t\t\t\t\t<\/div>\n\t\t\t\t<\/div>\n\t\t<div class=\"elementor-element elementor-element-37aa3e5 e-flex e-con-boxed e-con e-parent\" data-id=\"37aa3e5\" data-element_type=\"container\" data-settings=\"{&quot;background_background&quot;:&quot;gradient&quot;}\">\n\t\t\t\t\t<div class=\"e-con-inner\">\n\t\t<div class=\"elementor-element elementor-element-557e79a e-con-full e-flex e-con e-child\" data-id=\"557e79a\" data-element_type=\"container\">\n\t\t<div class=\"elementor-element elementor-element-779a1c1 e-con-full e-flex e-con e-child\" data-id=\"779a1c1\" data-element_type=\"container\">\n\t\t\t\t<div class=\"elementor-element elementor-element-6164992 elementor-widget elementor-widget-image\" data-id=\"6164992\" data-element_type=\"widget\" data-widget_type=\"image.default\">\n\t\t\t\t\t\t\t\t\t\t\t\t\t\t\t<img alt=\"\" decoding=\"async\" width=\"1024\" height=\"1536\" src=\"https:\/\/elrick-labarre.mds-angers.yt\/wp-content\/uploads\/2025\/10\/ChatGPT-Image-10-oct.-2025-a-15_56_46.png\" class=\"attachment-2048x2048 size-2048x2048 wp-image-376\" alt=\"\" srcset=\"https:\/\/elrick-labarre.mds-angers.yt\/wp-content\/uploads\/2025\/10\/ChatGPT-Image-10-oct.-2025-a-15_56_46.png 1024w, https:\/\/elrick-labarre.mds-angers.yt\/wp-content\/uploads\/2025\/10\/ChatGPT-Image-10-oct.-2025-a-15_56_46-200x300.png 200w, https:\/\/elrick-labarre.mds-angers.yt\/wp-content\/uploads\/2025\/10\/ChatGPT-Image-10-oct.-2025-a-15_56_46-683x1024.png 683w, https:\/\/elrick-labarre.mds-angers.yt\/wp-content\/uploads\/2025\/10\/ChatGPT-Image-10-oct.-2025-a-15_56_46-768x1152.png 768w\" sizes=\"(max-width: 1024px) 100vw, 1024px\" \/>\t\t\t\t\t\t\t\t\t\t\t\t\t\t\t<\/div>\n\t\t\t\t<\/div>\n\t\t\t\t<\/div>\n\t\t<div class=\"elementor-element elementor-element-cdc2520 e-con-full e-flex e-con e-child\" data-id=\"cdc2520\" data-element_type=\"container\">\n\t\t\t\t<div class=\"elementor-element elementor-element-de1e039 elementor-widget elementor-widget-text-editor\" data-id=\"de1e039\" data-element_type=\"widget\" data-widget_type=\"text-editor.default\">\n\t\t\t\t\t\t\t\t\t<h4>Une <b>terrasse<\/b> discr\u00e8te, ouverte durant les beaux jours, permet de savourer un <b>ap\u00e9ritif en plein air<\/b>, entre fra\u00eecheur v\u00e9g\u00e9tale et parfums m\u00e9diterran\u00e9ens.Un lieu o\u00f9 la <b>gastronomie<\/b>, le design et l\u2019art de vivre s\u2019unissent pour cr\u00e9er une exp\u00e9rience \u00e0 la fois apaisante et inoubliable.<\/h4>\t\t\t\t\t\t\t\t<\/div>\n\t\t\t\t<\/div>\n\t\t\t\t\t<\/div>\n\t\t\t\t<\/div>\n\t\t<div class=\"elementor-element elementor-element-c816710 e-flex e-con-boxed e-con e-parent\" data-id=\"c816710\" data-element_type=\"container\" data-settings=\"{&quot;background_background&quot;:&quot;classic&quot;}\">\n\t\t\t\t\t<div class=\"e-con-inner\">\n\t\t<div class=\"elementor-element elementor-element-4808238 e-con-full e-flex e-con e-child\" data-id=\"4808238\" data-element_type=\"container\">\n\t\t<div class=\"elementor-element elementor-element-ca1e9e9 e-con-full e-flex e-con e-child\" data-id=\"ca1e9e9\" data-element_type=\"container\">\n\t\t<div class=\"elementor-element elementor-element-1f31c73 e-con-full bdt-backdrop-filter-yes e-flex bdt-filter-backdrop e-con e-child\" data-id=\"1f31c73\" data-element_type=\"container\">\n\t\t\t\t<div class=\"elementor-element elementor-element-706cf34 elementor-widget elementor-widget-heading\" data-id=\"706cf34\" data-element_type=\"widget\" data-widget_type=\"heading.default\">\n\t\t\t\t\t<h2 class=\"elementor-heading-title elementor-size-default\">horaires <\/h2>\t\t\t\t<\/div>\n\t\t\t\t<div class=\"elementor-element elementor-element-4421565 elementor-widget elementor-widget-text-editor\" data-id=\"4421565\" data-element_type=\"widget\" data-widget_type=\"text-editor.default\">\n\t\t\t\t\t\t\t\t\t<p><b>d\u00e9jeuner\u00a0 \u00a0 \u00a0 \u00a0 \u00a0 du mardi au samedi\u00a0 \u00a0 \u00a0 \u00a0 \u00a0 \u00a0 \u00a0 \u00a0 \u00a0 \u00a0 \u00a0 \u00a0 \u00a0 \u00a0 \u00a0 \u00a0 \u00a0 \u00a0de 12h \u00e0 14h30<\/b><\/p><p><b>Diner\u00a0 \u00a0 \u00a0 \u00a0 \u00a0 \u00a0 \u00a0 \u00a0 du mardi au samedi\u00a0 \u00a0 \u00a0 \u00a0 \u00a0 \u00a0 \u00a0 \u00a0 \u00a0 \u00a0 \u00a0 \u00a0 \u00a0 \u00a0 \u00a0 \u00a0 \u00a0 \u00a0de 19h \u00e0 23h<\/b>\u00a0 \u00a0 \u00a0 \u00a0 \u00a0\u00a0<\/p>\t\t\t\t\t\t\t\t<\/div>\n\t\t\t\t<\/div>\n\t\t<div class=\"elementor-element elementor-element-41f04ae e-con-full e-flex e-con e-child\" data-id=\"41f04ae\" data-element_type=\"container\">\n\t\t\t\t<div class=\"elementor-element elementor-element-0dece61 elementor-widget elementor-widget-heading\" data-id=\"0dece61\" data-element_type=\"widget\" data-widget_type=\"heading.default\">\n\t\t\t\t\t<h2 class=\"elementor-heading-title elementor-size-default\">LA FLORELLE<\/h2>\t\t\t\t<\/div>\n\t\t\t\t<\/div>\n\t\t<div class=\"elementor-element elementor-element-5b23662 e-con-full e-flex e-con e-child\" data-id=\"5b23662\" data-element_type=\"container\">\n\t\t<div class=\"elementor-element elementor-element-362b00c e-con-full e-flex e-con e-child\" data-id=\"362b00c\" data-element_type=\"container\">\n\t\t\t\t<div class=\"elementor-element elementor-element-3bd9aea elementor-widget elementor-widget-heading\" data-id=\"3bd9aea\" data-element_type=\"widget\" data-widget_type=\"heading.default\">\n\t\t\t\t\t<h2 class=\"elementor-heading-title elementor-size-default\">Adresse<\/h2>\t\t\t\t<\/div>\n\t\t\t\t<div class=\"elementor-element elementor-element-716eaef elementor-widget elementor-widget-heading\" data-id=\"716eaef\" data-element_type=\"widget\" data-widget_type=\"heading.default\">\n\t\t\t\t\t<h2 class=\"elementor-heading-title elementor-size-default\">12 Rue de la R\u00e9publique 49000, Angers\u00a0\u00a0<\/h2>\t\t\t\t<\/div>\n\t\t\t\t<div class=\"elementor-element elementor-element-12740cb elementor-widget elementor-widget-heading\" data-id=\"12740cb\" data-element_type=\"widget\" data-widget_type=\"heading.default\">\n\t\t\t\t\t<h2 class=\"elementor-heading-title elementor-size-default\"><b>T\u00e9l\u00e9phone<\/b><\/h2>\t\t\t\t<\/div>\n\t\t\t\t<div class=\"elementor-element elementor-element-85f20dc elementor-widget elementor-widget-heading\" data-id=\"85f20dc\" data-element_type=\"widget\" data-widget_type=\"heading.default\">\n\t\t\t\t\t<h2 class=\"elementor-heading-title elementor-size-default\">01 23 45 67 89<\/h2>\t\t\t\t<\/div>\n\t\t\t\t<div class=\"elementor-element elementor-element-12bfdb0 elementor-widget elementor-widget-heading\" data-id=\"12bfdb0\" data-element_type=\"widget\" data-widget_type=\"heading.default\">\n\t\t\t\t\t<h2 class=\"elementor-heading-title elementor-size-default\"><b>Mail<\/b><\/h2>\t\t\t\t<\/div>\n\t\t\t\t<div class=\"elementor-element elementor-element-e10370e elementor-widget elementor-widget-heading\" data-id=\"e10370e\" data-element_type=\"widget\" data-widget_type=\"heading.default\">\n\t\t\t\t\t<h2 class=\"elementor-heading-title elementor-size-default\">laflorelle.angers@gmail.com<\/h2>\t\t\t\t<\/div>\n\t\t\t\t<\/div>\n\t\t\t\t<\/div>\n\t\t\t\t<\/div>\n\t\t\t\t<\/div>\n\t\t\t\t\t<\/div>\n\t\t\t\t<\/div>\n\t\t\t\t<\/div>\n\t\t","protected":false},"excerpt":{"rendered":"<p>Le lieu \u00a0 Dans un d\u00e9cor raffin\u00e9 m\u00ealant noir profond, orange chaleureux, bois brut et touches de blanc \u00e9pur\u00e9, La Florelle vous accueille dans une atmosph\u00e8re \u00e9l\u00e9gante et contemporaine.Chaque d\u00e9tails &#8211; de l\u2019art de la table \u00e0 l\u2019\u00e9clairage &#8211; a \u00e9t\u00e9 pens\u00e9 pour cr\u00e9er une exp\u00e9rience sensorielle unique, \u00e0 la fois chaleureuse et prestigieuse. Quelques [&hellip;]<\/p>\n","protected":false},"author":3,"featured_media":0,"parent":0,"menu_order":0,"comment_status":"closed","ping_status":"closed","template":"elementor_canvas","meta":{"_seopress_robots_primary_cat":"","_seopress_titles_title":"le Lieu - El\u00e9gance et ambiance raffin\u00e9e - La Florelle","_seopress_titles_desc":"La Florelle vous accueille dans un d\u00e9cor noir, orange et bois brut. un Lieu \u00e9l\u00e9gant o\u00f9 gastronomie et art de vivre s'unissent.","_seopress_robots_index":"","_seopress_analysis_target_kw":"","footnotes":""},"class_list":["post-46","page","type-page","status-publish","hentry"],"_links":{"self":[{"href":"https:\/\/elrick-labarre.mds-angers.yt\/index.php\/wp-json\/wp\/v2\/pages\/46","targetHints":{"allow":["GET"]}}],"collection":[{"href":"https:\/\/elrick-labarre.mds-angers.yt\/index.php\/wp-json\/wp\/v2\/pages"}],"about":[{"href":"https:\/\/elrick-labarre.mds-angers.yt\/index.php\/wp-json\/wp\/v2\/types\/page"}],"author":[{"embeddable":true,"href":"https:\/\/elrick-labarre.mds-angers.yt\/index.php\/wp-json\/wp\/v2\/users\/3"}],"replies":[{"embeddable":true,"href":"https:\/\/elrick-labarre.mds-angers.yt\/index.php\/wp-json\/wp\/v2\/comments?post=46"}],"version-history":[{"count":96,"href":"https:\/\/elrick-labarre.mds-angers.yt\/index.php\/wp-json\/wp\/v2\/pages\/46\/revisions"}],"predecessor-version":[{"id":763,"href":"https:\/\/elrick-labarre.mds-angers.yt\/index.php\/wp-json\/wp\/v2\/pages\/46\/revisions\/763"}],"wp:attachment":[{"href":"https:\/\/elrick-labarre.mds-angers.yt\/index.php\/wp-json\/wp\/v2\/media?parent=46"}],"curies":[{"name":"wp","href":"https:\/\/api.w.org\/{rel}","templated":true}]}}