{"id":35,"date":"2025-10-03T14:52:08","date_gmt":"2025-10-03T14:52:08","guid":{"rendered":"https:\/\/elrick-labarre.mds-angers.yt\/?page_id=35"},"modified":"2025-10-15T23:00:49","modified_gmt":"2025-10-15T23:00:49","slug":"elementor-35","status":"publish","type":"page","link":"https:\/\/elrick-labarre.mds-angers.yt\/","title":{"rendered":"Accueil"},"content":{"rendered":"\t\t<div data-elementor-type=\"wp-page\" data-elementor-id=\"35\" class=\"elementor elementor-35\">\n\t\t\t\t<div class=\"elementor-element elementor-element-06a84bb e-con-full e-flex e-con e-parent\" data-id=\"06a84bb\" data-element_type=\"container\">\n\t\t\t\t<div class=\"elementor-element elementor-element-d946bf9 elementor-widget elementor-widget-image\" data-id=\"d946bf9\" data-element_type=\"widget\" data-widget_type=\"image.default\">\n\t\t\t\t\t\t\t\t\t\t\t\t\t\t\t<img alt=\"\" fetchpriority=\"high\" decoding=\"async\" width=\"2122\" height=\"1080\" src=\"https:\/\/elrick-labarre.mds-angers.yt\/wp-content\/uploads\/2025\/10\/Image-la-florelle.png\" class=\"attachment-full size-full wp-image-175\" alt=\"\" srcset=\"https:\/\/elrick-labarre.mds-angers.yt\/wp-content\/uploads\/2025\/10\/Image-la-florelle.png 2122w, https:\/\/elrick-labarre.mds-angers.yt\/wp-content\/uploads\/2025\/10\/Image-la-florelle-300x153.png 300w, https:\/\/elrick-labarre.mds-angers.yt\/wp-content\/uploads\/2025\/10\/Image-la-florelle-1024x521.png 1024w, https:\/\/elrick-labarre.mds-angers.yt\/wp-content\/uploads\/2025\/10\/Image-la-florelle-768x391.png 768w, https:\/\/elrick-labarre.mds-angers.yt\/wp-content\/uploads\/2025\/10\/Image-la-florelle-1536x782.png 1536w, https:\/\/elrick-labarre.mds-angers.yt\/wp-content\/uploads\/2025\/10\/Image-la-florelle-2048x1042.png 2048w\" sizes=\"(max-width: 2122px) 100vw, 2122px\" \/>\t\t\t\t\t\t\t\t\t\t\t\t\t\t\t<\/div>\n\t\t\t\t<\/div>\n\t\t<div class=\"elementor-element elementor-element-690fc2f e-flex e-con-boxed e-con e-parent\" data-id=\"690fc2f\" data-element_type=\"container\">\n\t\t\t\t\t<div class=\"e-con-inner\">\n\t\t\t\t<div class=\"elementor-element elementor-element-c0d8147 elementor-widget-divider--view-line elementor-widget elementor-widget-divider\" data-id=\"c0d8147\" data-element_type=\"widget\" data-widget_type=\"divider.default\">\n\t\t\t\t\t\t\t<div class=\"elementor-divider\">\n\t\t\t<span class=\"elementor-divider-separator\">\n\t\t\t\t\t\t<\/span>\n\t\t<\/div>\n\t\t\t\t\t\t<\/div>\n\t\t\t\t\t<\/div>\n\t\t\t\t<\/div>\n\t\t<div class=\"elementor-element elementor-element-215660c e-flex e-con-boxed e-con e-parent\" data-id=\"215660c\" data-element_type=\"container\" data-settings=\"{&quot;background_background&quot;:&quot;classic&quot;}\">\n\t\t\t\t\t<div class=\"e-con-inner\">\n\t\t<div class=\"elementor-element elementor-element-e077572 e-con-full e-flex e-con e-child\" data-id=\"e077572\" data-element_type=\"container\">\n\t\t\t\t<div class=\"elementor-element elementor-element-36624bf elementor-widget elementor-widget-heading\" data-id=\"36624bf\" data-element_type=\"widget\" data-widget_type=\"heading.default\">\n\t\t\t\t\t<h2 class=\"elementor-heading-title elementor-size-default\">Entre cuisine, vin <br>&amp; environnement<\/h2>\t\t\t\t<\/div>\n\t\t\t\t<\/div>\n\t\t<div class=\"elementor-element elementor-element-b629b08 e-con-full e-flex e-con e-child\" data-id=\"b629b08\" data-element_type=\"container\">\n\t\t\t\t<div class=\"elementor-element elementor-element-5be5f0f elementor-widget elementor-widget-text-editor\" data-id=\"5be5f0f\" data-element_type=\"widget\" data-widget_type=\"text-editor.default\">\n\t\t\t\t\t\t\t\t\t<p>Nous avons \u00e0 c\u0153ur de vous faire\u00a0<b>passer un moment agr\u00e9able et unique<\/b>. Nous composons pour vous des\u00a0<b>associations mets et vins<\/b> sur-mesure, en ad\u00e9quation avec votre envie de d\u00e9couverte ou selon vos habitudes. Faites-nous part de ce\u00a0<span style=\"background-color: rgba(103, 77, 77, 0);\">que vous d\u00e9gustez, nous \u00e9changerons ensemble sur un vin assorti.\u00a0<\/span><\/p><p><span style=\"background-color: rgba(103, 77, 77, 0);\">Nous vous proposons deux salles. L\u2019une peut \u00eatre privatis\u00e9e et accueille jusqu\u2019\u00e0 douze personnes, la seconde de 20 places, est ouverte sur la cuisine pour des tables allant jusqu\u2019\u00e0 six personnes.<\/span><\/p>\t\t\t\t\t\t\t\t<\/div>\n\t\t\t\t<\/div>\n\t\t\t\t<div class=\"elementor-element elementor-element-4728c15 elementor-align-center elementor-widget elementor-widget-button\" data-id=\"4728c15\" data-element_type=\"widget\" data-widget_type=\"button.default\">\n\t\t\t\t\t\t\t\t\t\t<a class=\"elementor-button elementor-button-link elementor-size-sm\" href=\"https:\/\/elrick-labarre.mds-angers.yt\/index.php\/elementor-102\/\">\n\t\t\t\t\t\t<span class=\"elementor-button-content-wrapper\">\n\t\t\t\t\t\t\t\t\t<span class=\"elementor-button-text\">Voit la Carte<\/span>\n\t\t\t\t\t<\/span>\n\t\t\t\t\t<\/a>\n\t\t\t\t\t\t\t\t<\/div>\n\t\t\t\t<div class=\"elementor-element elementor-element-f476372 elementor-widget-divider--view-line elementor-widget elementor-widget-divider\" data-id=\"f476372\" data-element_type=\"widget\" data-widget_type=\"divider.default\">\n\t\t\t\t\t\t\t<div class=\"elementor-divider\">\n\t\t\t<span class=\"elementor-divider-separator\">\n\t\t\t\t\t\t<\/span>\n\t\t<\/div>\n\t\t\t\t\t\t<\/div>\n\t\t\t\t\t<\/div>\n\t\t\t\t<\/div>\n\t\t<div class=\"elementor-element elementor-element-2d7f292 e-con-full e-flex e-con e-parent\" data-id=\"2d7f292\" data-element_type=\"container\" data-settings=\"{&quot;background_background&quot;:&quot;gradient&quot;}\">\n\t\t\t\t<div class=\"elementor-element elementor-element-948d456 elementor-widget-mobile__width-inherit elementor-widget-divider--view-line elementor-widget elementor-widget-divider\" data-id=\"948d456\" data-element_type=\"widget\" data-widget_type=\"divider.default\">\n\t\t\t\t\t\t\t<div class=\"elementor-divider\">\n\t\t\t<span class=\"elementor-divider-separator\">\n\t\t\t\t\t\t<\/span>\n\t\t<\/div>\n\t\t\t\t\t\t<\/div>\n\t\t<div class=\"elementor-element elementor-element-02dabfe e-flex e-con-boxed e-con e-child\" data-id=\"02dabfe\" data-element_type=\"container\">\n\t\t\t\t\t<div class=\"e-con-inner\">\n\t\t\t\t<div class=\"elementor-element elementor-element-a41682d elementor-widget-mobile__width-inherit elementor-widget elementor-widget-heading\" data-id=\"a41682d\" data-element_type=\"widget\" data-widget_type=\"heading.default\">\n\t\t\t\t\t<h2 class=\"elementor-heading-title elementor-size-default\">Bienvenue \u00e0 La Florelle, un lieu d\u2019exception o\u00f9 la gastronomie fran\u00e7aise rencontre l\u2019\u00e2me du Sud.<\/h2>\t\t\t\t<\/div>\n\t\t\t\t\t<\/div>\n\t\t\t\t<\/div>\n\t\t\t\t<div class=\"elementor-element elementor-element-01f0a5d elementor-widget-mobile__width-inherit elementor-widget elementor-widget-text-editor\" data-id=\"01f0a5d\" data-element_type=\"widget\" data-widget_type=\"text-editor.default\">\n\t\t\t\t\t\t\t\t\t<p>Dans un cadre raffin\u00e9 aux tons noir, orange et bois brut, notre restaurant vous invite \u00e0 vivre une exp\u00e9rience culinaire unique, entre \u00e9l\u00e9gance, authenticit\u00e9 et \u00e9motion.<\/p>\t\t\t\t\t\t\t\t<\/div>\n\t\t<div class=\"elementor-element elementor-element-d98a8f9 e-con-full e-flex e-con e-child\" data-id=\"d98a8f9\" data-element_type=\"container\">\n\t\t\t\t<div class=\"elementor-element elementor-element-7b25ac6 elementor-widget-mobile__width-inherit elementor-widget-divider--view-line elementor-widget elementor-widget-divider\" data-id=\"7b25ac6\" data-element_type=\"widget\" data-widget_type=\"divider.default\">\n\t\t\t\t\t\t\t<div class=\"elementor-divider\">\n\t\t\t<span class=\"elementor-divider-separator\">\n\t\t\t\t\t\t<\/span>\n\t\t<\/div>\n\t\t\t\t\t\t<\/div>\n\t\t\t\t<div class=\"elementor-element elementor-element-43e3f24 elementor-widget-mobile__width-inherit elementor-widget-divider--view-line elementor-widget elementor-widget-divider\" data-id=\"43e3f24\" data-element_type=\"widget\" data-widget_type=\"divider.default\">\n\t\t\t\t\t\t\t<div class=\"elementor-divider\">\n\t\t\t<span class=\"elementor-divider-separator\">\n\t\t\t\t\t\t<\/span>\n\t\t<\/div>\n\t\t\t\t\t\t<\/div>\n\t\t\t\t<\/div>\n\t\t\t\t<\/div>\n\t\t<div class=\"elementor-element elementor-element-cc74d03 e-flex e-con-boxed e-con e-parent\" data-id=\"cc74d03\" data-element_type=\"container\" data-settings=\"{&quot;background_background&quot;:&quot;classic&quot;}\">\n\t\t\t\t\t<div class=\"e-con-inner\">\n\t\t<div class=\"elementor-element elementor-element-7e56d62 e-con-full e-flex e-con e-child\" data-id=\"7e56d62\" data-element_type=\"container\">\n\t\t<div class=\"elementor-element elementor-element-e9fee2b e-con-full e-flex e-con e-child\" data-id=\"e9fee2b\" data-element_type=\"container\">\n\t\t<div class=\"elementor-element elementor-element-2532c76 e-con-full bdt-backdrop-filter-yes e-flex bdt-filter-backdrop e-con e-child\" data-id=\"2532c76\" data-element_type=\"container\">\n\t\t\t\t<div class=\"elementor-element elementor-element-06eab19 elementor-widget elementor-widget-heading\" data-id=\"06eab19\" data-element_type=\"widget\" data-widget_type=\"heading.default\">\n\t\t\t\t\t<h2 class=\"elementor-heading-title elementor-size-default\">horaires <\/h2>\t\t\t\t<\/div>\n\t\t\t\t<div class=\"elementor-element elementor-element-34fc7c2 elementor-widget-mobile__width-initial elementor-widget elementor-widget-text-editor\" data-id=\"34fc7c2\" data-element_type=\"widget\" data-widget_type=\"text-editor.default\">\n\t\t\t\t\t\t\t\t\t<p><b>d\u00e9jeuner\u00a0 \u00a0 \u00a0 \u00a0 \u00a0 du mardi au samedi\u00a0 \u00a0 \u00a0 \u00a0 \u00a0 \u00a0 \u00a0 \u00a0 \u00a0 \u00a0 \u00a0 \u00a0 \u00a0 \u00a0 \u00a0 \u00a0 \u00a0 \u00a0 \u00a0de 12h \u00e0 14h30<\/b><\/p><p><b>Diner\u00a0 \u00a0 \u00a0 \u00a0 \u00a0 \u00a0 \u00a0 \u00a0 \u00a0du mardi au samedi\u00a0 \u00a0 \u00a0 \u00a0 \u00a0 \u00a0 \u00a0 \u00a0 \u00a0 \u00a0 \u00a0 \u00a0 \u00a0 \u00a0 \u00a0 \u00a0 \u00a0 \u00a0 \u00a0de 19h \u00e0 23h<\/b>\u00a0 \u00a0 \u00a0 \u00a0 \u00a0\u00a0<\/p>\t\t\t\t\t\t\t\t<\/div>\n\t\t\t\t<\/div>\n\t\t<div class=\"elementor-element elementor-element-a942dd3 e-con-full e-flex e-con e-child\" data-id=\"a942dd3\" data-element_type=\"container\">\n\t\t\t\t<div class=\"elementor-element elementor-element-5cfbdd8 elementor-widget-mobile__width-inherit elementor-widget elementor-widget-heading\" data-id=\"5cfbdd8\" data-element_type=\"widget\" data-widget_type=\"heading.default\">\n\t\t\t\t\t<h2 class=\"elementor-heading-title elementor-size-default\">LA FLORELLE<\/h2>\t\t\t\t<\/div>\n\t\t\t\t<\/div>\n\t\t<div class=\"elementor-element elementor-element-14ac25c e-con-full e-flex e-con e-child\" data-id=\"14ac25c\" data-element_type=\"container\">\n\t\t<div class=\"elementor-element elementor-element-06982e9 e-con-full e-flex e-con e-child\" data-id=\"06982e9\" data-element_type=\"container\">\n\t\t\t\t<div class=\"elementor-element elementor-element-fc923bd elementor-widget elementor-widget-heading\" data-id=\"fc923bd\" data-element_type=\"widget\" data-widget_type=\"heading.default\">\n\t\t\t\t\t<h2 class=\"elementor-heading-title elementor-size-default\">Adresse<\/h2>\t\t\t\t<\/div>\n\t\t\t\t<div class=\"elementor-element elementor-element-9789bad elementor-widget elementor-widget-heading\" data-id=\"9789bad\" data-element_type=\"widget\" data-widget_type=\"heading.default\">\n\t\t\t\t\t<h2 class=\"elementor-heading-title elementor-size-default\">12 Rue de la R\u00e9publique 49000, Angers\u00a0\u00a0<\/h2>\t\t\t\t<\/div>\n\t\t\t\t<div class=\"elementor-element elementor-element-c3a2835 elementor-widget elementor-widget-heading\" data-id=\"c3a2835\" data-element_type=\"widget\" data-widget_type=\"heading.default\">\n\t\t\t\t\t<h2 class=\"elementor-heading-title elementor-size-default\"><b>T\u00e9l\u00e9phone<\/b><\/h2>\t\t\t\t<\/div>\n\t\t\t\t<div class=\"elementor-element elementor-element-fb434d5 elementor-widget elementor-widget-heading\" data-id=\"fb434d5\" data-element_type=\"widget\" data-widget_type=\"heading.default\">\n\t\t\t\t\t<h2 class=\"elementor-heading-title elementor-size-default\">01 23 45 67 89<\/h2>\t\t\t\t<\/div>\n\t\t\t\t<div class=\"elementor-element elementor-element-79c7828 elementor-widget elementor-widget-heading\" data-id=\"79c7828\" data-element_type=\"widget\" data-widget_type=\"heading.default\">\n\t\t\t\t\t<h2 class=\"elementor-heading-title elementor-size-default\"><b>Mail<\/b><\/h2>\t\t\t\t<\/div>\n\t\t\t\t<div class=\"elementor-element elementor-element-e6ab50c elementor-widget elementor-widget-heading\" data-id=\"e6ab50c\" data-element_type=\"widget\" data-widget_type=\"heading.default\">\n\t\t\t\t\t<h2 class=\"elementor-heading-title elementor-size-default\">laflorelle.angers@gmail.com<\/h2>\t\t\t\t<\/div>\n\t\t\t\t<\/div>\n\t\t\t\t<\/div>\n\t\t\t\t<\/div>\n\t\t\t\t<\/div>\n\t\t\t\t\t<\/div>\n\t\t\t\t<\/div>\n\t\t\t\t<\/div>\n\t\t","protected":false},"excerpt":{"rendered":"<p>Entre cuisine, vin &amp; environnement Nous avons \u00e0 c\u0153ur de vous faire\u00a0passer un moment agr\u00e9able et unique. Nous composons pour vous des\u00a0associations mets et vins sur-mesure, en ad\u00e9quation avec votre envie de d\u00e9couverte ou selon vos habitudes. Faites-nous part de ce\u00a0que vous d\u00e9gustez, nous \u00e9changerons ensemble sur un vin assorti.\u00a0 Nous vous proposons deux salles. [&hellip;]<\/p>\n","protected":false},"author":1,"featured_media":0,"parent":0,"menu_order":0,"comment_status":"closed","ping_status":"closed","template":"elementor_canvas","meta":{"_seopress_robots_primary_cat":"","_seopress_titles_title":"La Florelle restaurant Angers","_seopress_titles_desc":"La Florelle, un restaurant gastronomique o\u00f9 l'\u00e9l\u00e9gance du Sud rencontre la gastronomie fran\u00e7aise dans un cadre chaleureux et saveurs raffin\u00e9es.","_seopress_robots_index":"","_seopress_analysis_target_kw":"","footnotes":""},"class_list":["post-35","page","type-page","status-publish","hentry"],"_links":{"self":[{"href":"https:\/\/elrick-labarre.mds-angers.yt\/index.php\/wp-json\/wp\/v2\/pages\/35","targetHints":{"allow":["GET"]}}],"collection":[{"href":"https:\/\/elrick-labarre.mds-angers.yt\/index.php\/wp-json\/wp\/v2\/pages"}],"about":[{"href":"https:\/\/elrick-labarre.mds-angers.yt\/index.php\/wp-json\/wp\/v2\/types\/page"}],"author":[{"embeddable":true,"href":"https:\/\/elrick-labarre.mds-angers.yt\/index.php\/wp-json\/wp\/v2\/users\/1"}],"replies":[{"embeddable":true,"href":"https:\/\/elrick-labarre.mds-angers.yt\/index.php\/wp-json\/wp\/v2\/comments?post=35"}],"version-history":[{"count":90,"href":"https:\/\/elrick-labarre.mds-angers.yt\/index.php\/wp-json\/wp\/v2\/pages\/35\/revisions"}],"predecessor-version":[{"id":751,"href":"https:\/\/elrick-labarre.mds-angers.yt\/index.php\/wp-json\/wp\/v2\/pages\/35\/revisions\/751"}],"wp:attachment":[{"href":"https:\/\/elrick-labarre.mds-angers.yt\/index.php\/wp-json\/wp\/v2\/media?parent=35"}],"curies":[{"name":"wp","href":"https:\/\/api.w.org\/{rel}","templated":true}]}}