{"id":26,"date":"2025-10-03T14:49:56","date_gmt":"2025-10-03T14:49:56","guid":{"rendered":"https:\/\/elrick-labarre.mds-angers.yt\/?page_id=26"},"modified":"2025-10-15T23:00:08","modified_gmt":"2025-10-15T23:00:08","slug":"elementor-26","status":"publish","type":"page","link":"https:\/\/elrick-labarre.mds-angers.yt\/index.php\/elementor-26\/","title":{"rendered":"Contact"},"content":{"rendered":"\t\t<div data-elementor-type=\"wp-page\" data-elementor-id=\"26\" class=\"elementor elementor-26\">\n\t\t\t\t<div class=\"elementor-element elementor-element-c0262a2 e-con-full e-flex e-con e-parent\" data-id=\"c0262a2\" data-element_type=\"container\" data-settings=\"{&quot;background_background&quot;:&quot;classic&quot;}\">\n\t\t<div class=\"elementor-element elementor-element-6596f72 e-con-full e-flex e-con e-child\" data-id=\"6596f72\" data-element_type=\"container\">\n\t\t\t\t<div class=\"elementor-element elementor-element-7f2ade1 elementor-widget-mobile__width-inherit elementor-widget elementor-widget-heading\" data-id=\"7f2ade1\" data-element_type=\"widget\" data-widget_type=\"heading.default\">\n\t\t\t\t\t<h2 class=\"elementor-heading-title elementor-size-default\">Contact<\/h2>\t\t\t\t<\/div>\n\t\t\t\t<\/div>\n\t\t\t\t<\/div>\n\t\t<div class=\"elementor-element elementor-element-904d7c5 e-con-full e-flex e-con e-parent\" data-id=\"904d7c5\" data-element_type=\"container\">\n\t\t<div class=\"elementor-element elementor-element-756cebd e-con-full e-flex e-con e-child\" data-id=\"756cebd\" data-element_type=\"container\">\n\t\t\t\t<div class=\"elementor-element elementor-element-d8b603f elementor-widget-divider--view-line elementor-widget elementor-widget-divider\" data-id=\"d8b603f\" data-element_type=\"widget\" data-widget_type=\"divider.default\">\n\t\t\t\t\t\t\t<div class=\"elementor-divider\">\n\t\t\t<span class=\"elementor-divider-separator\">\n\t\t\t\t\t\t<\/span>\n\t\t<\/div>\n\t\t\t\t\t\t<\/div>\n\t\t\t\t<div class=\"elementor-element elementor-element-e8431fd elementor-align-center elementor-widget elementor-widget-button\" data-id=\"e8431fd\" data-element_type=\"widget\" data-widget_type=\"button.default\">\n\t\t\t\t\t\t\t\t\t\t<a class=\"elementor-button elementor-button-link elementor-size-sm\" href=\"#\">\n\t\t\t\t\t\t<span class=\"elementor-button-content-wrapper\">\n\t\t\t\t\t\t\t\t\t<span class=\"elementor-button-text\">NOUS CONTACTER<\/span>\n\t\t\t\t\t<\/span>\n\t\t\t\t\t<\/a>\n\t\t\t\t\t\t\t\t<\/div>\n\t\t\t\t<div class=\"elementor-element elementor-element-9faa522 elementor-widget elementor-widget-heading\" data-id=\"9faa522\" data-element_type=\"widget\" data-widget_type=\"heading.default\">\n\t\t\t\t\t<h2 class=\"elementor-heading-title elementor-size-default\">Suivez nous sur tout nos r\u00e9seau sociaux<\/h2>\t\t\t\t<\/div>\n\t\t\t\t<\/div>\n\t\t\t\t<div class=\"elementor-element elementor-element-5f6e20c elementor-shape-circle elementor-grid-0 e-grid-align-center elementor-widget elementor-widget-social-icons\" data-id=\"5f6e20c\" data-element_type=\"widget\" data-widget_type=\"social-icons.default\">\n\t\t\t\t\t\t\t<div class=\"elementor-social-icons-wrapper elementor-grid\" role=\"list\">\n\t\t\t\t\t\t\t<span class=\"elementor-grid-item\" role=\"listitem\">\n\t\t\t\t\t<a class=\"elementor-icon elementor-social-icon elementor-social-icon-envelope elementor-repeater-item-a1c5bdf\" href=\"https:\/\/mail.google.com\/mail\/u\/0\/?ogbl#inbox?compose=jrjtXFBjzJBZMxQjdDvjRsXzdgvLKPQDgBkSRPdQscfDmJJXcjRRCtFbBvQxHFHKBxQNkMZC\" target=\"_blank\">\n\t\t\t\t\t\t<span class=\"elementor-screen-only\">Envelope<\/span>\n\t\t\t\t\t\t<svg aria-hidden=\"true\" class=\"e-font-icon-svg e-fas-envelope\" viewBox=\"0 0 512 512\" xmlns=\"http:\/\/www.w3.org\/2000\/svg\"><path d=\"M502.3 190.8c3.9-3.1 9.7-.2 9.7 4.7V400c0 26.5-21.5 48-48 48H48c-26.5 0-48-21.5-48-48V195.6c0-5 5.7-7.8 9.7-4.7 22.4 17.4 52.1 39.5 154.1 113.6 21.1 15.4 56.7 47.8 92.2 47.6 35.7.3 72-32.8 92.3-47.6 102-74.1 131.6-96.3 154-113.7zM256 320c23.2.4 56.6-29.2 73.4-41.4 132.7-96.3 142.8-104.7 173.4-128.7 5.8-4.5 9.2-11.5 9.2-18.9v-19c0-26.5-21.5-48-48-48H48C21.5 64 0 85.5 0 112v19c0 7.4 3.4 14.3 9.2 18.9 30.6 23.9 40.7 32.4 173.4 128.7 16.8 12.2 50.2 41.8 73.4 41.4z\"><\/path><\/svg>\t\t\t\t\t<\/a>\n\t\t\t\t<\/span>\n\t\t\t\t\t\t\t<span class=\"elementor-grid-item\" role=\"listitem\">\n\t\t\t\t\t<a class=\"elementor-icon elementor-social-icon elementor-social-icon-instagram elementor-repeater-item-5aa5d05\" href=\"https:\/\/www.instagram.com\/florelleofc\/\" target=\"_blank\">\n\t\t\t\t\t\t<span class=\"elementor-screen-only\">Instagram<\/span>\n\t\t\t\t\t\t<svg aria-hidden=\"true\" class=\"e-font-icon-svg e-fab-instagram\" viewBox=\"0 0 448 512\" xmlns=\"http:\/\/www.w3.org\/2000\/svg\"><path d=\"M224.1 141c-63.6 0-114.9 51.3-114.9 114.9s51.3 114.9 114.9 114.9S339 319.5 339 255.9 287.7 141 224.1 141zm0 189.6c-41.1 0-74.7-33.5-74.7-74.7s33.5-74.7 74.7-74.7 74.7 33.5 74.7 74.7-33.6 74.7-74.7 74.7zm146.4-194.3c0 14.9-12 26.8-26.8 26.8-14.9 0-26.8-12-26.8-26.8s12-26.8 26.8-26.8 26.8 12 26.8 26.8zm76.1 27.2c-1.7-35.9-9.9-67.7-36.2-93.9-26.2-26.2-58-34.4-93.9-36.2-37-2.1-147.9-2.1-184.9 0-35.8 1.7-67.6 9.9-93.9 36.1s-34.4 58-36.2 93.9c-2.1 37-2.1 147.9 0 184.9 1.7 35.9 9.9 67.7 36.2 93.9s58 34.4 93.9 36.2c37 2.1 147.9 2.1 184.9 0 35.9-1.7 67.7-9.9 93.9-36.2 26.2-26.2 34.4-58 36.2-93.9 2.1-37 2.1-147.8 0-184.8zM398.8 388c-7.8 19.6-22.9 34.7-42.6 42.6-29.5 11.7-99.5 9-132.1 9s-102.7 2.6-132.1-9c-19.6-7.8-34.7-22.9-42.6-42.6-11.7-29.5-9-99.5-9-132.1s-2.6-102.7 9-132.1c7.8-19.6 22.9-34.7 42.6-42.6 29.5-11.7 99.5-9 132.1-9s102.7-2.6 132.1 9c19.6 7.8 34.7 22.9 42.6 42.6 11.7 29.5 9 99.5 9 132.1s2.7 102.7-9 132.1z\"><\/path><\/svg>\t\t\t\t\t<\/a>\n\t\t\t\t<\/span>\n\t\t\t\t\t\t\t<span class=\"elementor-grid-item\" role=\"listitem\">\n\t\t\t\t\t<a class=\"elementor-icon elementor-social-icon elementor-social-icon-youtube elementor-repeater-item-2bb7963\" href=\"https:\/\/www.youtube.com\/channel\/UCeWcpw2kzYM-SqFcD64lEiA\" target=\"_blank\">\n\t\t\t\t\t\t<span class=\"elementor-screen-only\">Youtube<\/span>\n\t\t\t\t\t\t<svg aria-hidden=\"true\" class=\"e-font-icon-svg e-fab-youtube\" viewBox=\"0 0 576 512\" xmlns=\"http:\/\/www.w3.org\/2000\/svg\"><path d=\"M549.655 124.083c-6.281-23.65-24.787-42.276-48.284-48.597C458.781 64 288 64 288 64S117.22 64 74.629 75.486c-23.497 6.322-42.003 24.947-48.284 48.597-11.412 42.867-11.412 132.305-11.412 132.305s0 89.438 11.412 132.305c6.281 23.65 24.787 41.5 48.284 47.821C117.22 448 288 448 288 448s170.78 0 213.371-11.486c23.497-6.321 42.003-24.171 48.284-47.821 11.412-42.867 11.412-132.305 11.412-132.305s0-89.438-11.412-132.305zm-317.51 213.508V175.185l142.739 81.205-142.739 81.201z\"><\/path><\/svg>\t\t\t\t\t<\/a>\n\t\t\t\t<\/span>\n\t\t\t\t\t<\/div>\n\t\t\t\t\t\t<\/div>\n\t\t\t\t<\/div>\n\t\t<div class=\"elementor-element elementor-element-ac3303a e-con-full e-flex e-con e-parent\" data-id=\"ac3303a\" data-element_type=\"container\" data-settings=\"{&quot;background_background&quot;:&quot;gradient&quot;}\">\n\t\t<div class=\"elementor-element elementor-element-a7678cb e-con-full e-flex e-con e-child\" data-id=\"a7678cb\" data-element_type=\"container\">\n\t\t\t\t<div class=\"elementor-element elementor-element-3827e2f elementor-widget elementor-widget-heading\" data-id=\"3827e2f\" data-element_type=\"widget\" data-widget_type=\"heading.default\">\n\t\t\t\t\t<h2 class=\"elementor-heading-title elementor-size-default\">MIDI :<\/h2>\t\t\t\t<\/div>\n\t\t<div class=\"elementor-element elementor-element-06c2730 e-con-full e-flex e-con e-child\" data-id=\"06c2730\" data-element_type=\"container\">\n\t\t\t\t<div class=\"elementor-element elementor-element-e60ea55 elementor-widget elementor-widget-text-editor\" data-id=\"e60ea55\" data-element_type=\"widget\" data-widget_type=\"text-editor.default\">\n\t\t\t\t\t\t\t\t\t<h6>Du mardi au samedi<\/h6><h6>12h &#8211; 14h30<\/h6>\t\t\t\t\t\t\t\t<\/div>\n\t\t\t\t<\/div>\n\t\t\t\t<\/div>\n\t\t<div class=\"elementor-element elementor-element-7601bcf e-con-full e-flex e-con e-child\" data-id=\"7601bcf\" data-element_type=\"container\">\n\t\t\t\t<div class=\"elementor-element elementor-element-0943fd9 elementor-widget elementor-widget-heading\" data-id=\"0943fd9\" data-element_type=\"widget\" data-widget_type=\"heading.default\">\n\t\t\t\t\t<h2 class=\"elementor-heading-title elementor-size-default\">SOIR :<\/h2>\t\t\t\t<\/div>\n\t\t<div class=\"elementor-element elementor-element-4ff30a5 e-con-full e-flex e-con e-child\" data-id=\"4ff30a5\" data-element_type=\"container\">\n\t\t\t\t<div class=\"elementor-element elementor-element-47b4be1 elementor-widget elementor-widget-text-editor\" data-id=\"47b4be1\" data-element_type=\"widget\" data-widget_type=\"text-editor.default\">\n\t\t\t\t\t\t\t\t\t<h6>du mardi au samedi<\/h6><h6>19h &#8211; 23h<\/h6>\t\t\t\t\t\t\t\t<\/div>\n\t\t\t\t<\/div>\n\t\t\t\t<\/div>\n\t\t<div class=\"elementor-element elementor-element-63ad1b8 e-con-full e-flex e-con e-child\" data-id=\"63ad1b8\" data-element_type=\"container\">\n\t\t\t\t<div class=\"elementor-element elementor-element-b030efb elementor-widget elementor-widget-heading\" data-id=\"b030efb\" data-element_type=\"widget\" data-widget_type=\"heading.default\">\n\t\t\t\t\t<h2 class=\"elementor-heading-title elementor-size-default\">Adresse : 12, Rue de la R\u00e9publique \u2013 49000 Angers<\/h2>\t\t\t\t<\/div>\n\t\t\t\t<\/div>\n\t\t\t\t<\/div>\n\t\t<div class=\"elementor-element elementor-element-4193178 e-flex e-con-boxed e-con e-parent\" data-id=\"4193178\" data-element_type=\"container\" data-settings=\"{&quot;background_background&quot;:&quot;gradient&quot;}\">\n\t\t\t\t\t<div class=\"e-con-inner\">\n\t\t\t\t<div class=\"elementor-element elementor-element-5786d0d elementor-widget-tablet__width-initial elementor-widget elementor-widget-google_maps\" data-id=\"5786d0d\" data-element_type=\"widget\" data-widget_type=\"google_maps.default\">\n\t\t\t\t\t\t\t<div class=\"elementor-custom-embed\">\n\t\t\t<iframe loading=\"lazy\"\n\t\t\t\t\tsrc=\"https:\/\/maps.google.com\/maps?q=12%20place%20de%20la%20r%C3%A9publique%2C%2049000%20Angers&#038;t=m&#038;z=16&#038;output=embed&#038;iwloc=near\"\n\t\t\t\t\ttitle=\"12 place de la r\u00e9publique, 49000 Angers\"\n\t\t\t\t\taria-label=\"12 place de la r\u00e9publique, 49000 Angers\"\n\t\t\t><\/iframe>\n\t\t<\/div>\n\t\t\t\t\t\t<\/div>\n\t\t\t\t\t<\/div>\n\t\t\t\t<\/div>\n\t\t<div class=\"elementor-element elementor-element-b0dda3a e-flex e-con-boxed e-con e-parent\" data-id=\"b0dda3a\" data-element_type=\"container\" data-settings=\"{&quot;background_background&quot;:&quot;classic&quot;}\">\n\t\t\t\t\t<div class=\"e-con-inner\">\n\t\t<div class=\"elementor-element elementor-element-48aeacf e-con-full e-flex e-con e-child\" data-id=\"48aeacf\" data-element_type=\"container\">\n\t\t<div class=\"elementor-element elementor-element-c4b0ea7 e-con-full e-flex e-con e-child\" data-id=\"c4b0ea7\" data-element_type=\"container\">\n\t\t<div class=\"elementor-element elementor-element-6552a1d e-con-full bdt-backdrop-filter-yes e-flex bdt-filter-backdrop e-con e-child\" data-id=\"6552a1d\" data-element_type=\"container\">\n\t\t\t\t<div class=\"elementor-element elementor-element-43e8e7c elementor-widget elementor-widget-heading\" data-id=\"43e8e7c\" data-element_type=\"widget\" data-widget_type=\"heading.default\">\n\t\t\t\t\t<h2 class=\"elementor-heading-title elementor-size-default\">horaires <\/h2>\t\t\t\t<\/div>\n\t\t\t\t<div class=\"elementor-element elementor-element-6a36829 elementor-widget-tablet__width-inherit elementor-widget elementor-widget-text-editor\" data-id=\"6a36829\" data-element_type=\"widget\" data-widget_type=\"text-editor.default\">\n\t\t\t\t\t\t\t\t\t<p><b>d\u00e9jeuner\u00a0 \u00a0 \u00a0 \u00a0 \u00a0<\/b><b>du mardi au samedi\u00a0 \u00a0 \u00a0 \u00a0 \u00a0 \u00a0 \u00a0 \u00a0 \u00a0 \u00a0 \u00a0 \u00a0 \u00a0 \u00a0 \u00a0 \u00a0 \u00a0 \u00a0de 12h \u00e0 14h30<\/b><\/p><p><b>Diner\u00a0 \u00a0 \u00a0 \u00a0 \u00a0 \u00a0 \u00a0 \u00a0 du mardi au samedi\u00a0 \u00a0 \u00a0 \u00a0 \u00a0 \u00a0 \u00a0 \u00a0 \u00a0 \u00a0 \u00a0 \u00a0 \u00a0 \u00a0 \u00a0 \u00a0 \u00a0 \u00a0de 19h \u00e0 23h<\/b><\/p>\t\t\t\t\t\t\t\t<\/div>\n\t\t\t\t<\/div>\n\t\t<div class=\"elementor-element elementor-element-61bca09 e-con-full e-flex e-con e-child\" data-id=\"61bca09\" data-element_type=\"container\">\n\t\t\t\t<div class=\"elementor-element elementor-element-01d3401 elementor-widget elementor-widget-heading\" data-id=\"01d3401\" data-element_type=\"widget\" data-widget_type=\"heading.default\">\n\t\t\t\t\t<h2 class=\"elementor-heading-title elementor-size-default\">LA FLORELLE<\/h2>\t\t\t\t<\/div>\n\t\t\t\t<\/div>\n\t\t<div class=\"elementor-element elementor-element-399ae2b e-con-full e-flex e-con e-child\" data-id=\"399ae2b\" data-element_type=\"container\">\n\t\t<div class=\"elementor-element elementor-element-f3aa874 e-con-full e-flex e-con e-child\" data-id=\"f3aa874\" data-element_type=\"container\">\n\t\t\t\t<div class=\"elementor-element elementor-element-a4f0864 elementor-widget elementor-widget-heading\" data-id=\"a4f0864\" data-element_type=\"widget\" data-widget_type=\"heading.default\">\n\t\t\t\t\t<h2 class=\"elementor-heading-title elementor-size-default\">Adresse<\/h2>\t\t\t\t<\/div>\n\t\t\t\t<div class=\"elementor-element elementor-element-7bcf77e elementor-widget elementor-widget-heading\" data-id=\"7bcf77e\" data-element_type=\"widget\" data-widget_type=\"heading.default\">\n\t\t\t\t\t<h2 class=\"elementor-heading-title elementor-size-default\">12 Rue de la R\u00e9publique 49000, Angers\u00a0\u00a0<\/h2>\t\t\t\t<\/div>\n\t\t\t\t<div class=\"elementor-element elementor-element-019a0f5 elementor-widget elementor-widget-heading\" data-id=\"019a0f5\" data-element_type=\"widget\" data-widget_type=\"heading.default\">\n\t\t\t\t\t<h2 class=\"elementor-heading-title elementor-size-default\"><b>T\u00e9l\u00e9phone<\/b><\/h2>\t\t\t\t<\/div>\n\t\t\t\t<div class=\"elementor-element elementor-element-fe89881 elementor-widget elementor-widget-heading\" data-id=\"fe89881\" data-element_type=\"widget\" data-widget_type=\"heading.default\">\n\t\t\t\t\t<h2 class=\"elementor-heading-title elementor-size-default\">01 23 45 67 89<\/h2>\t\t\t\t<\/div>\n\t\t\t\t<div class=\"elementor-element elementor-element-75ed51d elementor-widget elementor-widget-heading\" data-id=\"75ed51d\" data-element_type=\"widget\" data-widget_type=\"heading.default\">\n\t\t\t\t\t<h2 class=\"elementor-heading-title elementor-size-default\"><b>Mail<\/b><\/h2>\t\t\t\t<\/div>\n\t\t\t\t<div class=\"elementor-element elementor-element-e9ec3a8 elementor-widget elementor-widget-heading\" data-id=\"e9ec3a8\" data-element_type=\"widget\" data-widget_type=\"heading.default\">\n\t\t\t\t\t<h1 class=\"elementor-heading-title elementor-size-default\">laflorelle.angers@gmail.com<\/h1>\t\t\t\t<\/div>\n\t\t\t\t<\/div>\n\t\t\t\t<\/div>\n\t\t\t\t<\/div>\n\t\t\t\t<\/div>\n\t\t\t\t\t<\/div>\n\t\t\t\t<\/div>\n\t\t\t\t<\/div>\n\t\t","protected":false},"excerpt":{"rendered":"<p>Contact NOUS CONTACTER Suivez nous sur tout nos r\u00e9seau sociaux Envelope Instagram Youtube MIDI : Du mardi au samedi 12h &#8211; 14h30 SOIR : du mardi au samedi 19h &#8211; 23h Adresse : 12, Rue de la R\u00e9publique \u2013 49000 Angers horaires d\u00e9jeuner\u00a0 \u00a0 \u00a0 \u00a0 \u00a0du mardi au samedi\u00a0 \u00a0 \u00a0 \u00a0 \u00a0 \u00a0 [&hellip;]<\/p>\n","protected":false},"author":2,"featured_media":0,"parent":0,"menu_order":0,"comment_status":"closed","ping_status":"closed","template":"elementor_canvas","meta":{"_seopress_robots_primary_cat":"","_seopress_titles_title":"Contact - La Florelle - Restaurant gastronomique","_seopress_titles_desc":"Contactez La Florelle pour toute demande ou r\u00e9servation. Retrouvez-nous \u00e0 Angers et d\u00e9couvrez notre univers gastronomique.","_seopress_robots_index":"","_seopress_analysis_target_kw":"","footnotes":""},"class_list":["post-26","page","type-page","status-publish","hentry"],"_links":{"self":[{"href":"https:\/\/elrick-labarre.mds-angers.yt\/index.php\/wp-json\/wp\/v2\/pages\/26","targetHints":{"allow":["GET"]}}],"collection":[{"href":"https:\/\/elrick-labarre.mds-angers.yt\/index.php\/wp-json\/wp\/v2\/pages"}],"about":[{"href":"https:\/\/elrick-labarre.mds-angers.yt\/index.php\/wp-json\/wp\/v2\/types\/page"}],"author":[{"embeddable":true,"href":"https:\/\/elrick-labarre.mds-angers.yt\/index.php\/wp-json\/wp\/v2\/users\/2"}],"replies":[{"embeddable":true,"href":"https:\/\/elrick-labarre.mds-angers.yt\/index.php\/wp-json\/wp\/v2\/comments?post=26"}],"version-history":[{"count":111,"href":"https:\/\/elrick-labarre.mds-angers.yt\/index.php\/wp-json\/wp\/v2\/pages\/26\/revisions"}],"predecessor-version":[{"id":768,"href":"https:\/\/elrick-labarre.mds-angers.yt\/index.php\/wp-json\/wp\/v2\/pages\/26\/revisions\/768"}],"wp:attachment":[{"href":"https:\/\/elrick-labarre.mds-angers.yt\/index.php\/wp-json\/wp\/v2\/media?parent=26"}],"curies":[{"name":"wp","href":"https:\/\/api.w.org\/{rel}","templated":true}]}}